{"id":9538,"date":"2022-12-14T15:53:35","date_gmt":"2022-12-14T14:53:37","guid":{"rendered":"https:\/\/www.runtosanremo.it\/?post_type=product&#038;p=9538"},"modified":"2023-03-14T09:15:22","modified_gmt":"2023-03-14T08:15:22","slug":"2023-carte-journalier-granfondo-sanremo-la-classicissima","status":"publish","type":"product","link":"https:\/\/www.runtosanremo.it\/fr\/granfondo-sanremo-sanremo-la-classicissima\/2023-carte-journalier-granfondo-sanremo-la-classicissima\/","title":{"rendered":"2023 Carte journalier Granfondo Sanremo-Sanremo La Classicissima"},"content":{"rendered":"","protected":false},"excerpt":{"rendered":"<p>Les cyclistes italiens et \u00e9trangers qui ne sont pas en possession d&rsquo;une carte\/licence sportive reconnue doivent obtenir une carte journali\u00e8re, qui n&rsquo;est d\u00e9livr\u00e9e qu&rsquo;apr\u00e8s avoir \u00e9t\u00e9 achet\u00e9e sur ce site et avoir rempli les formalit\u00e9s n\u00e9cessaires.<br \/>\nPlus d&rsquo;informations sur le site officiel : <a href=\"http:\/\/www.classicissima.it\">www.classicissima.it<\/a>.<\/p>\n","protected":false},"featured_media":2902,"template":"","meta":{"_et_pb_use_builder":"","_et_pb_old_content":"","_et_gb_content_width":""},"product_brand":[],"product_cat":[44],"product_tag":[],"class_list":{"0":"post-9538","1":"product","2":"type-product","3":"status-publish","4":"has-post-thumbnail","6":"product_cat-granfondo-sanremo-sanremo-la-classicissima","8":"first","9":"instock","10":"sold-individually","11":"shipping-taxable","12":"product-type-simple"},"wcpa_form_fields":null,"_links":{"self":[{"href":"https:\/\/www.runtosanremo.it\/fr\/wp-json\/wp\/v2\/product\/9538","targetHints":{"allow":["GET"]}}],"collection":[{"href":"https:\/\/www.runtosanremo.it\/fr\/wp-json\/wp\/v2\/product"}],"about":[{"href":"https:\/\/www.runtosanremo.it\/fr\/wp-json\/wp\/v2\/types\/product"}],"wp:featuredmedia":[{"embeddable":true,"href":"https:\/\/www.runtosanremo.it\/fr\/wp-json\/wp\/v2\/media\/2902"}],"wp:attachment":[{"href":"https:\/\/www.runtosanremo.it\/fr\/wp-json\/wp\/v2\/media?parent=9538"}],"wp:term":[{"taxonomy":"product_brand","embeddable":true,"href":"https:\/\/www.runtosanremo.it\/fr\/wp-json\/wp\/v2\/product_brand?post=9538"},{"taxonomy":"product_cat","embeddable":true,"href":"https:\/\/www.runtosanremo.it\/fr\/wp-json\/wp\/v2\/product_cat?post=9538"},{"taxonomy":"product_tag","embeddable":true,"href":"https:\/\/www.runtosanremo.it\/fr\/wp-json\/wp\/v2\/product_tag?post=9538"}],"curies":[{"name":"wp","href":"https:\/\/api.w.org\/{rel}","templated":true}]}}