{"id":9394,"date":"2022-12-03T12:12:32","date_gmt":"2022-12-03T11:12:34","guid":{"rendered":"https:\/\/www.runtosanremo.it\/?post_type=product&#038;p=9394"},"modified":"2023-03-14T09:44:53","modified_gmt":"2023-03-14T08:44:53","slug":"2023-iscrizione-granfondo-sanremo-sanremo-la-classicissima-e-bike","status":"publish","type":"product","link":"https:\/\/www.runtosanremo.it\/fr\/granfondo-sanremo-sanremo-la-classicissima\/2023-iscrizione-granfondo-sanremo-sanremo-la-classicissima-e-bike\/","title":{"rendered":"2023 INSCRIPTION GRANFONDO SANREMO LA CLASSICISSIMA &#8211; E-BIKE"},"content":{"rendered":"<p>Le co\u00fbt de l&rsquo;inscription comprend :<\/p>\n<ul>\n<li>num\u00e9ro de participation,<\/li>\n<li>fournitures,<\/li>\n<li>des cadeaux,<\/li>\n<li>la r\u00e9cup\u00e9ration en cas d&rsquo;abandon,<\/li>\n<li>douche (au Palafiori).<\/li>\n<li>pasta party (au Palafiori).<\/li>\n<\/ul>\n<p>Le forfait de course tel qu&rsquo;indiqu\u00e9 dans le pr\u00e9sent r\u00e8glement n&rsquo;est garanti que pour les 700 premiers participants inscrits.<\/p>\n<p>Pour les inscriptions de derni\u00e8re minute, l&rsquo;organisation fera de son mieux, mais ne peut garantir la disponibilit\u00e9 des produits.<\/p>\n<p>Notes :<\/p>\n<ul>\n<li><em>En cas de paiement par virement bancaire, c&rsquo;est la date du cr\u00e9dit des fonds sur notre compte courant qui est d\u00e9terminante, et non la date du virement.<\/em><\/li>\n<\/ul>\n<blockquote><p><strong>Virement bancaire disponible jusqu&rsquo;au 20\/02\/2023.<\/strong><\/p><\/blockquote>\n<h2>Conditions de participation<\/h2>\n<p>L&rsquo;\u00e9v\u00e9nement est ouvert aux :<\/p>\n<ul>\n<li>tous les cyclotouristes des deux sexes, \u00e2g\u00e9s de 18 \u00e0 75 ans, \u00e0 jour de leur cotisation la veille de la course, avec une adh\u00e9sion valable pour l&rsquo;ann\u00e9e en cours.<\/li>\n<li>tous les cyclotouristes italiens titulaires d&rsquo;une licence ACSI, FCI, Bike Card et d&rsquo;une licence des organismes de promotion du sport reconnus par l&rsquo;ACSI<\/li>\n<li>tous les cyclotouristes \u00e9trangers disposant d&rsquo;une licence reconnue par l&rsquo;UCI<\/li>\n<li>tous les cyclistes non membres qui ach\u00e8tent une carte de membre journali\u00e8re de l&rsquo;ACSI sur le site de l&rsquo;\u00e9v\u00e9nement, sur pr\u00e9sentation d&rsquo;un certificat m\u00e9dical de cyclisme de comp\u00e9tition.<\/li>\n<\/ul>\n<p>Les cyclistes de la cat\u00e9gorie Master Gold (selon la liste FCI) ne sont pas admis \u00e0 l&rsquo;\u00e9v\u00e9nement.<\/p>\n<p>Les professionnels, les \u00e9lites (hommes et femmes) et les moins de 23 ans sont admis \u00e0 des fins promotionnelles uniquement et ne seront pas autoris\u00e9s \u00e0 participer d&rsquo;une quelconque mani\u00e8re au classement.<\/p>\n<blockquote><p><strong>La possession d&rsquo;un permis valide est une condition obligatoire.<\/strong><\/p><\/blockquote>\n<p><strong>Pour plus d&rsquo;informations, lisez le <a href=\"https:\/\/classicissima.it\/e-bike-trophy\/regolamento\/\">r\u00e8glement E-BIKE<\/a> ou consultez le site web <a href=\"https:\/\/classicissima.it\/\">www.classicissima.it<\/a>.<\/strong><\/p>\n","protected":false},"excerpt":{"rendered":"<p>La Classicissima, GranFondo Sanremo Sanremo aura lieu le 19 mars 2023.<\/p>\n","protected":false},"featured_media":9410,"template":"","meta":{"_et_pb_use_builder":"off","_et_pb_old_content":"Les frais d'inscription \u00e0 la course comp\u00e9titive comprennent les services suivants :\n<ul>\n \t<li>assistance technique et m\u00e9dicale<\/li>\n \t<li>l'assurance responsabilit\u00e9<\/li>\n \t<li>m\u00e9daille de participation officielle pour les athl\u00e8tes class\u00e9s<\/li>\n \t<li>Forfait course garanti uniquement pour ceux qui s'inscrivent EN LIGNE (pour ceux qui s'inscrivent sur place dans la limite des stocks disponibles)<\/li>\n \t<li>T-Shirt technique, r\u00e9serv\u00e9 aux personnes inscrites en ligne avant le 31 mai, dans une taille \u00e0 choisir selon l'ordre de pr\u00e9sentation \u00e0 la collecte des dossards, dans la limite des stocks disponibles. *<\/li>\n \t<li>pectoral de course<\/li>\n \t<li>service de chronom\u00e9trage<\/li>\n \t<li>des rafra\u00eechissements et des \u00e9ponges le long du parcours<\/li>\n \t<li>un dernier rafra\u00eechissement \u00e0 l'arriv\u00e9e<\/li>\n \t<li>d\u00e9p\u00f4t de sacs<\/li>\n \t<li>transport des sacs du d\u00e9but \u00e0 la fin<\/li>\n<\/ul>\nNotes :\n<ul>\n \t<li><em>Pour des raisons de production, le T-shirt technique n'est inclus dans le paquet de la course que pour les participants qui ont pay\u00e9 leur cotisation avant le 31 mai.<\/em><\/li>\n \t<li><em>En cas de paiement par virement bancaire, c'est la date du cr\u00e9dit des fonds sur notre compte courant qui est d\u00e9terminante, et non la date du virement.<\/em><\/li>\n<\/ul>\n\u00a0\n<h2>Conditions de participation<\/h2>\n<table>\n<thead>\n<tr>\n<th style=\"text-align: center\">Option<\/th>\n<th style=\"text-align: center\"><strong>Athl\u00e8tes r\u00e9sidant en Italie<\/strong><\/th>\n<th style=\"text-align: center\"><strong>Athl\u00e8tes ne r\u00e9sidant pas en Italie<\/strong><\/th>\n<\/tr>\n<\/thead>\n<tbody>\n<tr>\n<td style=\"text-align: center\">1<\/td>\n<td>Carte de membre FIDAL\n\n(avec contr\u00f4le automatique de la validit\u00e9)<\/td>\n<td>Licence IAAF\n\n(\u00e0 envoyer \u00e0 l'organisation)<\/td>\n<\/tr>\n<tr>\n<td style=\"text-align: center\">2<\/td>\n<td>RunCard\n\n(avec contr\u00f4le automatique de la validit\u00e9) et un certificat m\u00e9dical en cours de validit\u00e9 pour l'athl\u00e9tisme de comp\u00e9tition<\/td>\n<td>Possession de la carte RunCard Fidal\n+\ncertificat m\u00e9dical d'aptitude \u00e0 l'athl\u00e9tisme sur les formulaires fournis par l'organisation (\u00e0 envoyer \u00e0 l'organisation)<\/td>\n<\/tr>\n<tr>\n<td style=\"text-align: center\">  3<\/td>\n<td>Carte RunCard-EPS\n\n(avec contr\u00f4le automatique de la validit\u00e9)<\/td>\n<td>- \u2013<\/td>\n<\/tr>\n<\/tbody>\n<\/table>\n\u00a0\n\n<strong>Pour plus d'informations, lisez le <a href=\"https:\/\/runforthewhales.it\/half-marathon\/regolamento-run-for-the-whales\/\">r\u00e8glement<\/a> ou consultez le site <a href=\"https:\/\/www.runforthewhales.it\">www.runforthewhales.it<\/a>.<\/strong>\n\n\u00a0","_et_gb_content_width":""},"product_brand":[],"product_cat":[44],"product_tag":[69,67],"class_list":{"0":"post-9394","1":"product","2":"type-product","3":"status-publish","4":"has-post-thumbnail","6":"product_cat-granfondo-sanremo-sanremo-la-classicissima","7":"product_tag-classique-fr","8":"product_tag-granfondo-sanremo-sanremo-fr","10":"first","11":"instock","12":"sale","13":"virtual","14":"product-type-simple"},"wcpa_form_fields":null,"_links":{"self":[{"href":"https:\/\/www.runtosanremo.it\/fr\/wp-json\/wp\/v2\/product\/9394","targetHints":{"allow":["GET"]}}],"collection":[{"href":"https:\/\/www.runtosanremo.it\/fr\/wp-json\/wp\/v2\/product"}],"about":[{"href":"https:\/\/www.runtosanremo.it\/fr\/wp-json\/wp\/v2\/types\/product"}],"wp:featuredmedia":[{"embeddable":true,"href":"https:\/\/www.runtosanremo.it\/fr\/wp-json\/wp\/v2\/media\/9410"}],"wp:attachment":[{"href":"https:\/\/www.runtosanremo.it\/fr\/wp-json\/wp\/v2\/media?parent=9394"}],"wp:term":[{"taxonomy":"product_brand","embeddable":true,"href":"https:\/\/www.runtosanremo.it\/fr\/wp-json\/wp\/v2\/product_brand?post=9394"},{"taxonomy":"product_cat","embeddable":true,"href":"https:\/\/www.runtosanremo.it\/fr\/wp-json\/wp\/v2\/product_cat?post=9394"},{"taxonomy":"product_tag","embeddable":true,"href":"https:\/\/www.runtosanremo.it\/fr\/wp-json\/wp\/v2\/product_tag?post=9394"}],"curies":[{"name":"wp","href":"https:\/\/api.w.org\/{rel}","templated":true}]}}