{"id":37412,"date":"2026-01-02T09:50:54","date_gmt":"2026-01-02T08:50:54","guid":{"rendered":"https:\/\/www.runtosanremo.it\/?post_type=product&#038;p=37412"},"modified":"2026-02-03T00:40:50","modified_gmt":"2026-02-02T23:40:50","slug":"2026-navetta-rientro-da-sanremo-a-ibis-settala","status":"publish","type":"product","link":"https:\/\/www.runtosanremo.it\/fr\/granfondo-milano-sanremo\/2026-navetta-rientro-da-sanremo-a-ibis-settala\/","title":{"rendered":"2026 Navette retour de Sanremo \u00e0 IBIS Settala"},"content":{"rendered":"<p>Bus Navette :<\/p>\n<ul>\n<li>20h00 de SANREMO (Arriv\u00e9e) \u00e0 IBIS Settala (MILAN) &#8211; Passager + V\u00e9lo uniquement<\/li>\n<\/ul>\n<p>NOTE : la vente est r\u00e9serv\u00e9e exclusivement aux participants \u00e0 la course<\/p>\n<p>&nbsp;<\/p>\n","protected":false},"excerpt":{"rendered":"<p>Pour toutes les informations et conditions, consulter le site officiel :<\/p>\n<p><a href=\"https:\/\/milano-sanremo.org\/viaggio\/trasporti\/\">www.milano-sanremo.org<\/a>.<\/p>\n<p>&nbsp;<\/p>\n","protected":false},"featured_media":2179,"template":"","meta":{"_et_pb_use_builder":"","_et_pb_old_content":"","_et_gb_content_width":""},"product_brand":[],"product_cat":[73],"product_tag":[],"class_list":{"0":"post-37412","1":"product","2":"type-product","3":"status-publish","4":"has-post-thumbnail","6":"product_cat-granfondo-milano-sanremo","7":"wcpa_has_options","9":"first","10":"instock","11":"shipping-taxable","12":"purchasable","13":"product-type-simple"},"wcpa_form_fields":{"wcpaData":{"product":{"product_price":140,"price_html":"<span class=\"woocommerce-Price-amount amount\"><bdi>140,00<span class=\"woocommerce-Price-currencySymbol\">&euro;<\/span><\/bdi><\/span>","original_product_price":140,"price_including_tax":140,"price_excluding_tax":140,"product_id":{"parent":37412,"variation":false},"is_variable":false,"stock_status":"instock","stock_quantity":5,"parent_sku":"","product_attributes":[],"custom_fields":[],"is_taxable":false,"product_name":"2026 Navette retour de Sanremo \u00e0 IBIS Settala","hasImage":false},"fields":{"sec_10695782eb6dec9":{"extra":{"key":"sec_10695782eb6dec9","section_id":"sec_10695782eb6dec9","name":"Default","status":1,"cl_rule":"show","enableCl":false,"relations":[],"toggle":true,"title_tag":"h3","show_title":false,"showPrice":"default","form_id":37357,"form_rules":{"exclude_from_discount":false,"fee_label":"Fee","disp_hide_options_price":false,"disp_show_section_price":false,"disp_show_field_price":true,"layout_option":"standard","pric_use_as_fee":false,"process_fee_as":"woo_fee"},"layout_option":"standard"},"fields":[[{"active":true,"col":6,"relations":false,"cl_rule":"show","enableCl":false,"price":"","enablePrice":false,"className":"","label_position":"default","desc_position":"default","type":"text","subtype":"text","required":true,"elementId":"text_2971338139","label":"Pr\u00e8nom","name":"text_2971338139","value":"","error":false,"gt_translate_keys":["label","value"],"price_dependency":false,"cl_dependency":false}],[{"active":true,"col":6,"relations":false,"cl_rule":"show","enableCl":false,"price":"","enablePrice":false,"className":"","label_position":"default","desc_position":"default","type":"text","subtype":"text","required":true,"elementId":"text_2980681188","label":"Nom de famille","name":"text_2980681188","value":"","error":false,"gt_translate_keys":["label","value"],"price_dependency":false,"cl_dependency":false}]]}},"config":{"price_override":"","enable_recaptcha":false,"bind_quantity":false,"quantity_bind_formula":false,"disp_summ_show_option_price":true,"disp_summ_show_product_price":true,"disp_summ_show_total_price":true,"disp_summ_show_fee":false,"disp_summ_show_discount":false,"summary_title":"","options_total_label":"Options Price","total_label":"Total","options_product_label":"Product Price","fee_label":"Fee","discount_label":"Discount","has_price":true,"has_quantity_formula":false},"mc_unit":1,"tax_rate":1,"tax_rate_real":1,"discount":{"percentage":0,"fixed":0},"design":{"conf":{"LabelPosition":"above","DescPosition":"above","UploadField":"custom_1","QuantityFieldStyle":"default"},"css":{"LeftLabelWidth":"120px"}},"formulas":[],"clones":false,"cartKey":false}},"_links":{"self":[{"href":"https:\/\/www.runtosanremo.it\/fr\/wp-json\/wp\/v2\/product\/37412","targetHints":{"allow":["GET"]}}],"collection":[{"href":"https:\/\/www.runtosanremo.it\/fr\/wp-json\/wp\/v2\/product"}],"about":[{"href":"https:\/\/www.runtosanremo.it\/fr\/wp-json\/wp\/v2\/types\/product"}],"wp:featuredmedia":[{"embeddable":true,"href":"https:\/\/www.runtosanremo.it\/fr\/wp-json\/wp\/v2\/media\/2179"}],"wp:attachment":[{"href":"https:\/\/www.runtosanremo.it\/fr\/wp-json\/wp\/v2\/media?parent=37412"}],"wp:term":[{"taxonomy":"product_brand","embeddable":true,"href":"https:\/\/www.runtosanremo.it\/fr\/wp-json\/wp\/v2\/product_brand?post=37412"},{"taxonomy":"product_cat","embeddable":true,"href":"https:\/\/www.runtosanremo.it\/fr\/wp-json\/wp\/v2\/product_cat?post=37412"},{"taxonomy":"product_tag","embeddable":true,"href":"https:\/\/www.runtosanremo.it\/fr\/wp-json\/wp\/v2\/product_tag?post=37412"}],"curies":[{"name":"wp","href":"https:\/\/api.w.org\/{rel}","templated":true}]}}