{"id":37315,"date":"2025-12-30T17:52:06","date_gmt":"2025-12-30T16:52:06","guid":{"rendered":"https:\/\/www.runtosanremo.it\/?post_type=product&#038;p=37315"},"modified":"2026-01-02T11:02:18","modified_gmt":"2026-01-02T10:02:18","slug":"2026-transfer-aeroporto","status":"publish","type":"product","link":"https:\/\/www.runtosanremo.it\/fr\/granfondo-milano-sanremo\/2026-transfer-aeroporto\/","title":{"rendered":"2026 Transfert A\u00e9roport"},"content":{"rendered":"<p>Transferts depuis :<\/p>\n<ul>\n<li>Milan Linate (LIN) \u00e0 IBIS Settala<\/li>\n<li>Milan Malpensa (MXP) \u00e0 IBIS Settala<\/li>\n<li>Bergame Orio al Serio (BGY) \u00e0 IBIS Settala<\/li>\n<li>De Sanremo \u00e0 Nice C\u00f4te d&rsquo;Azur (NCE)<\/li>\n<\/ul>\n<p>NOTE : la vente est r\u00e9serv\u00e9e exclusivement aux participants \u00e0 la comp\u00e9tition et \u00e0 leurs accompagnateurs.<\/p>\n","protected":false},"excerpt":{"rendered":"<p>Transferts priv\u00e9s de l&rsquo;a\u00e9roport \u00e0 l&rsquo;h\u00f4tel de d\u00e9part et de l&rsquo;h\u00f4tel d&rsquo;arriv\u00e9e \u00e0 l&rsquo;a\u00e9roport.<\/p>\n","protected":false},"featured_media":2182,"template":"","meta":{"_et_pb_use_builder":"","_et_pb_old_content":"","_et_gb_content_width":""},"product_brand":[],"product_cat":[73],"product_tag":[],"class_list":{"0":"post-37315","1":"product","2":"type-product","3":"status-publish","4":"has-post-thumbnail","6":"product_cat-granfondo-milano-sanremo","7":"wcpa_has_options","9":"first","10":"instock","11":"shipping-taxable","12":"purchasable","13":"product-type-variable"},"wcpa_form_fields":{"wcpaData":{"product":{"product_price":250,"price_html":"<span class=\"woocommerce-Price-amount amount\" aria-hidden=\"true\"><bdi>250,00<span class=\"woocommerce-Price-currencySymbol\">&euro;<\/span><\/bdi><\/span> <span aria-hidden=\"true\">\u00a0\u2013\u00a0<\/span> <span class=\"woocommerce-Price-amount amount\" aria-hidden=\"true\"><bdi>350,00<span class=\"woocommerce-Price-currencySymbol\">&euro;<\/span><\/bdi><\/span><span class=\"screen-reader-text\">Plage de prix\u00a0: 250,00&euro; \u00e0 350,00&euro;<\/span>","original_product_price":250,"price_including_tax":250,"price_excluding_tax":250,"product_id":{"parent":37315,"variation":false},"is_variable":true,"stock_status":"instock","stock_quantity":null,"parent_sku":"","product_attributes":{"trasferimento-da":{"is_variation":true,"values":[]}},"custom_fields":[],"is_taxable":false,"product_name":"2026 Transfert A\u00e9roport","hasImage":false},"fields":{"sec_969578cf0095d2":{"extra":{"key":"sec_969578cf0095d2","section_id":"sec_969578cf0095d2","name":"Default","status":1,"cl_rule":"show","enableCl":false,"relations":[],"toggle":true,"title_tag":"h3","show_title":false,"showPrice":"default","form_id":37392,"form_rules":{"exclude_from_discount":false,"fee_label":"Fee","disp_hide_options_price":false,"disp_show_section_price":false,"disp_show_field_price":true,"layout_option":"standard","pric_use_as_fee":false,"process_fee_as":"woo_fee"},"layout_option":"standard"},"fields":[[{"active":true,"col":6,"relations":false,"cl_rule":"show","enableCl":false,"price":"","enablePrice":false,"className":"","label_position":"default","desc_position":"default","type":"content","required":false,"elementId":"content_9497194111","label":"","name":"content_9497194111","contentType":"plain","value":"Les informations demand\u00e9es concernent la personne de r\u00e9f\u00e9rence pour ce transfert, qui devra, le cas \u00e9ch\u00e9ant, se coordonner avec les autres personnes.","error":false,"gt_translate_keys":["label","value"],"price_dependency":false,"cl_dependency":false}],[{"active":true,"col":6,"relations":false,"cl_rule":"show","enableCl":false,"price":"","enablePrice":false,"className":"","label_position":"default","desc_position":"default","type":"text","subtype":"text","required":true,"elementId":"text_3454090491","label":"Pr\u00e8nom","name":"text_3454090491","value":"","error":false,"gt_translate_keys":["label","value"],"price_dependency":false,"cl_dependency":false}],[{"active":true,"col":6,"relations":false,"cl_rule":"show","enableCl":false,"price":"","enablePrice":false,"className":"","label_position":"default","desc_position":"default","type":"text","subtype":"text","required":true,"elementId":"text_4541722442","label":"Nom de famille","name":"text_4541722442","value":"","error":false,"gt_translate_keys":["label","value"],"price_dependency":false,"cl_dependency":false}],[{"active":true,"col":6,"relations":false,"cl_rule":"show","enableCl":false,"price":"","enablePrice":false,"className":"","label_position":"default","desc_position":"default","type":"date","required":true,"elementId":"date_5437645107","name":"date_5437645107","label":"Date d\u2019arriv\u00e9e \/ de d\u00e9part","picker_type":"custom","picker_mode":"single","error":false,"gt_translate_keys":["label"],"price_dependency":false,"cl_dependency":false,"value":""}],[{"active":true,"col":6,"relations":false,"cl_rule":"show","enableCl":false,"price":"","enablePrice":false,"className":"","label_position":"default","desc_position":"default","type":"time","required":true,"elementId":"time_5463626591","name":"time_5463626591","label":"Heure d\u2019arriv\u00e9e \/ de d\u00e9part","picker_type":"custom","timeLayout":"type_2","error":false,"timeStep":"15","gt_translate_keys":["label"],"price_dependency":false,"cl_dependency":false,"value":""}],[{"active":true,"col":6,"relations":false,"cl_rule":"show","enableCl":false,"price":"","enablePrice":false,"className":"","label_position":"default","desc_position":"default","type":"text","subtype":"text","required":true,"elementId":"text_5773932295","label":"Compagnie a\u00e9rienne","name":"text_5773932295","value":"","error":false,"gt_translate_keys":["label","value"],"price_dependency":false,"cl_dependency":false}],[{"active":true,"col":6,"relations":false,"cl_rule":"show","enableCl":false,"price":"","enablePrice":false,"className":"","label_position":"default","desc_position":"default","type":"text","subtype":"text","required":true,"elementId":"text_5902402400","label":"De","name":"text_5902402400","value":"","error":false,"gt_translate_keys":["label","value"],"price_dependency":false,"cl_dependency":false}],[{"active":true,"col":6,"relations":false,"cl_rule":"show","enableCl":false,"price":"","enablePrice":false,"className":"","label_position":"default","desc_position":"default","type":"text","subtype":"text","required":true,"elementId":"text_6084662481","label":"\u00c0","name":"text_6084662481","value":"","error":false,"gt_translate_keys":["label","value"],"price_dependency":false,"cl_dependency":false}],[{"active":true,"col":6,"relations":false,"cl_rule":"show","enableCl":false,"price":"","enablePrice":false,"className":"","label_position":"default","desc_position":"default","type":"text","subtype":"text","required":true,"elementId":"text_6303172594","label":"Num\u00e9ro de vol","name":"text_6303172594","value":"","error":false,"gt_translate_keys":["label","value"],"price_dependency":false,"cl_dependency":false}],[{"active":true,"col":6,"relations":false,"cl_rule":"show","enableCl":false,"price":"","enablePrice":false,"className":"","label_position":"default","desc_position":"default","type":"text","subtype":"text","required":false,"elementId":"text_2685323414","label":"Terminal","name":"text_2685323414","value":"","error":false,"gt_translate_keys":["label","value"],"price_dependency":false,"cl_dependency":false}]]}},"config":{"price_override":"","enable_recaptcha":false,"bind_quantity":false,"quantity_bind_formula":false,"disp_summ_show_option_price":true,"disp_summ_show_product_price":true,"disp_summ_show_total_price":true,"disp_summ_show_fee":false,"disp_summ_show_discount":false,"summary_title":"","options_total_label":"Options Price","total_label":"Total","options_product_label":"Product Price","fee_label":"Fee","discount_label":"Discount","has_price":true,"has_quantity_formula":false},"mc_unit":1,"tax_rate":1,"tax_rate_real":1,"discount":{"percentage":0,"fixed":0},"design":{"conf":{"LabelPosition":"above","DescPosition":"above","UploadField":"custom_1","QuantityFieldStyle":"default"},"css":{"LeftLabelWidth":"120px"}},"formulas":[],"clones":false,"cartKey":false}},"_links":{"self":[{"href":"https:\/\/www.runtosanremo.it\/fr\/wp-json\/wp\/v2\/product\/37315","targetHints":{"allow":["GET"]}}],"collection":[{"href":"https:\/\/www.runtosanremo.it\/fr\/wp-json\/wp\/v2\/product"}],"about":[{"href":"https:\/\/www.runtosanremo.it\/fr\/wp-json\/wp\/v2\/types\/product"}],"wp:featuredmedia":[{"embeddable":true,"href":"https:\/\/www.runtosanremo.it\/fr\/wp-json\/wp\/v2\/media\/2182"}],"wp:attachment":[{"href":"https:\/\/www.runtosanremo.it\/fr\/wp-json\/wp\/v2\/media?parent=37315"}],"wp:term":[{"taxonomy":"product_brand","embeddable":true,"href":"https:\/\/www.runtosanremo.it\/fr\/wp-json\/wp\/v2\/product_brand?post=37315"},{"taxonomy":"product_cat","embeddable":true,"href":"https:\/\/www.runtosanremo.it\/fr\/wp-json\/wp\/v2\/product_cat?post=37315"},{"taxonomy":"product_tag","embeddable":true,"href":"https:\/\/www.runtosanremo.it\/fr\/wp-json\/wp\/v2\/product_tag?post=37315"}],"curies":[{"name":"wp","href":"https:\/\/api.w.org\/{rel}","templated":true}]}}