{"id":37155,"date":"2025-12-30T16:09:42","date_gmt":"2025-12-30T15:09:42","guid":{"rendered":"https:\/\/www.runtosanremo.it\/?post_type=product&#038;p=37155"},"modified":"2026-01-02T00:06:35","modified_gmt":"2026-01-01T23:06:35","slug":"2026-hotel-convenzionato-a-sanremo-camera-doppia-milano-sanremo","status":"publish","type":"product","link":"https:\/\/www.runtosanremo.it\/fr\/granfondo-milano-sanremo\/2026-hotel-convenzionato-a-sanremo-camera-doppia-milano-sanremo\/","title":{"rendered":"2026 H\u00d4TEL CONVENTIONN\u00c9 \u00c0 SANREMO &#8211; CHAMBRE DOUBLE &#8211; MILAN SANREMO"},"content":{"rendered":"<div class=\"et_pb_pricing_heading\"><span class=\"et_pb_best_value\">H\u00d4TEL CONVENTIONN\u00c9 \u00c0 SANREMO<\/span><\/div>\n<div class=\"et_pb_pricing_content_top\">\n<ul class=\"et_pb_pricing\">\n<li>Chambre double<\/li>\n<li>Demi-pension<\/li>\n<li>Petit d\u00e9jeuner<\/li>\n<li>Les voucher seront envoy\u00e9s par e-mail<\/li>\n<\/ul>\n<p><strong>L&rsquo;h\u00f4tel offre la possibilit\u00e9 d&rsquo;apporter un v\u00e9lo dans votre chambre.<\/strong><\/p>\n<\/div>\n<p>Merci de lire attentivement la politique de r\u00e9servation concernant le produit H\u00f4tel sur <a href=\"https:\/\/milano-sanremo.org\/informazioni-sito\/politica-di-prenotazione\/\" target=\"_blank\" rel=\"noopener noreferrer\">cette page<\/a>.<\/p>\n","protected":false},"excerpt":{"rendered":"<div class=\"et_pb_module et_pb_text et_pb_text_0 et_pb_text_align_left et_pb_bg_layout_light\">\n<div class=\"et_pb_text_inner\">\n<p><span style=\"font-weight: 400;\">H\u00d4TELS \u00c0 SANREMO. NOTRE EXCLUSIVIT\u00c9. <\/span><span style=\"font-weight: 400;\"><br \/>\n<\/span><span style=\"font-weight: 400;\">Solution CHAMBRE DOUBLE (POUR 2 PERSONNES), prix par personne, en demi-pension avec petit-d\u00e9jeuner.<\/span><span style=\"font-weight: 400;\"><br \/>\n<\/span><\/p>\n<\/div>\n<\/div>\n","protected":false},"featured_media":12323,"template":"","meta":{"_et_pb_use_builder":"off","_et_pb_old_content":"","_et_gb_content_width":""},"product_brand":[],"product_cat":[73],"product_tag":[97],"class_list":{"0":"post-37155","1":"product","2":"type-product","3":"status-publish","4":"has-post-thumbnail","6":"product_cat-granfondo-milano-sanremo","7":"product_tag-granfondo-milano-sanremo-fr","9":"first","10":"instock","11":"virtual","12":"sold-individually","13":"purchasable","14":"product-type-phive_booking"},"wcpa_form_fields":null,"_links":{"self":[{"href":"https:\/\/www.runtosanremo.it\/fr\/wp-json\/wp\/v2\/product\/37155","targetHints":{"allow":["GET"]}}],"collection":[{"href":"https:\/\/www.runtosanremo.it\/fr\/wp-json\/wp\/v2\/product"}],"about":[{"href":"https:\/\/www.runtosanremo.it\/fr\/wp-json\/wp\/v2\/types\/product"}],"wp:featuredmedia":[{"embeddable":true,"href":"https:\/\/www.runtosanremo.it\/fr\/wp-json\/wp\/v2\/media\/12323"}],"wp:attachment":[{"href":"https:\/\/www.runtosanremo.it\/fr\/wp-json\/wp\/v2\/media?parent=37155"}],"wp:term":[{"taxonomy":"product_brand","embeddable":true,"href":"https:\/\/www.runtosanremo.it\/fr\/wp-json\/wp\/v2\/product_brand?post=37155"},{"taxonomy":"product_cat","embeddable":true,"href":"https:\/\/www.runtosanremo.it\/fr\/wp-json\/wp\/v2\/product_cat?post=37155"},{"taxonomy":"product_tag","embeddable":true,"href":"https:\/\/www.runtosanremo.it\/fr\/wp-json\/wp\/v2\/product_tag?post=37155"}],"curies":[{"name":"wp","href":"https:\/\/api.w.org\/{rel}","templated":true}]}}