{"id":37136,"date":"2025-12-30T15:26:44","date_gmt":"2025-12-30T14:26:44","guid":{"rendered":"https:\/\/www.runtosanremo.it\/?post_type=product&#038;p=37136"},"modified":"2026-01-01T23:30:27","modified_gmt":"2026-01-01T22:30:27","slug":"2026-hotel-ufficiale-a-milano-camera-singola-milano-sanremo","status":"publish","type":"product","link":"https:\/\/www.runtosanremo.it\/fr\/granfondo-milano-sanremo\/2026-hotel-ufficiale-a-milano-camera-singola-milano-sanremo\/","title":{"rendered":"2026 H\u00d4TEL OFFICIEL \u00c0 MILAN \u2013 CHAMBRE SIMPLE \u2013 MILAN-SAN REMO"},"content":{"rendered":"<div class=\"et_pb_pricing_heading\"><span class=\"et_pb_best_value\">H\u00d4TEL IBIS STYLE SETTALA directement sur la ligne de d\u00e9part de la course<\/span><\/div>\n<div class=\"et_pb_pricing_content_top\">\n<ul class=\"et_pb_pricing\">\n<li>Chambre double \u00e0 usage unique<\/li>\n<li><strong>Demi-pension avec d\u00eener de bienvenue le samedi soir, boissons incluses<\/strong><\/li>\n<li><strong>Petit-d\u00e9jeuner sportif inclus \u00e0 5h00 le jour de la course<\/strong><\/li>\n<\/ul>\n<\/div>\n<p><strong>L&rsquo;h\u00f4tel \u00e0 Milan offre la possibilit\u00e9 de garder le v\u00e9lo en chambre ou l&rsquo;organisation d&rsquo;un d\u00e9p\u00f4t surveill\u00e9<\/strong><\/p>\n<p><strong>Petit-d\u00e9jeuner t\u00f4t le matin : le jour de l&rsquo;\u00e9v\u00e9nement, le petit-d\u00e9jeuner sera servi \u00e0 partir de 5h00 avec un renfort en glucides (p\u00e2tes et riz) \u2013 SERVICE EXCLUSIF dans tous nos h\u00f4tels !<\/strong><\/p>\n<p>Prix par chambre double \u00e0 usage unique, avec petit-d\u00e9jeuner sportif \u00e0 5h00 le jour de la course.<\/p>\n<p>Les bons seront envoy\u00e9s par e-mail.<\/p>\n<p>Merci de lire attentivement la politique de r\u00e9servation concernant le produit H\u00f4tel sur <a href=\"https:\/\/milano-sanremo.org\/informazioni-sito\/politica-di-prenotazione\/\" target=\"_blank\" rel=\"noopener noreferrer\">cette page<\/a>.<\/p>\n","protected":false},"excerpt":{"rendered":"<div class=\"et_pb_module et_pb_text et_pb_text_0 et_pb_text_align_left et_pb_bg_layout_light\">\n<div class=\"et_pb_text_inner\">\n<p><span style=\"font-weight: 400;\">H\u00d4TEL DU D\u00c9PART. NOTRE EXCLUSIVIT\u00c9. <\/span><span style=\"font-weight: 400;\"><br \/>\n<\/span><span style=\"font-weight: 400;\">Solution CHAMBRE DOUBLE USAGE SIMPLE (POUR 1 PERSONNE), prix par personne, avec traitement demi-pension.<\/span><\/p>\n<\/div>\n<\/div>\n","protected":false},"featured_media":27360,"template":"","meta":{"_et_pb_use_builder":"off","_et_pb_old_content":"","_et_gb_content_width":""},"product_brand":[],"product_cat":[73],"product_tag":[97],"class_list":{"0":"post-37136","1":"product","2":"type-product","3":"status-publish","4":"has-post-thumbnail","6":"product_cat-granfondo-milano-sanremo","7":"product_tag-granfondo-milano-sanremo-fr","9":"first","10":"instock","11":"virtual","12":"sold-individually","13":"purchasable","14":"product-type-phive_booking"},"wcpa_form_fields":null,"_links":{"self":[{"href":"https:\/\/www.runtosanremo.it\/fr\/wp-json\/wp\/v2\/product\/37136","targetHints":{"allow":["GET"]}}],"collection":[{"href":"https:\/\/www.runtosanremo.it\/fr\/wp-json\/wp\/v2\/product"}],"about":[{"href":"https:\/\/www.runtosanremo.it\/fr\/wp-json\/wp\/v2\/types\/product"}],"wp:featuredmedia":[{"embeddable":true,"href":"https:\/\/www.runtosanremo.it\/fr\/wp-json\/wp\/v2\/media\/27360"}],"wp:attachment":[{"href":"https:\/\/www.runtosanremo.it\/fr\/wp-json\/wp\/v2\/media?parent=37136"}],"wp:term":[{"taxonomy":"product_brand","embeddable":true,"href":"https:\/\/www.runtosanremo.it\/fr\/wp-json\/wp\/v2\/product_brand?post=37136"},{"taxonomy":"product_cat","embeddable":true,"href":"https:\/\/www.runtosanremo.it\/fr\/wp-json\/wp\/v2\/product_cat?post=37136"},{"taxonomy":"product_tag","embeddable":true,"href":"https:\/\/www.runtosanremo.it\/fr\/wp-json\/wp\/v2\/product_tag?post=37136"}],"curies":[{"name":"wp","href":"https:\/\/api.w.org\/{rel}","templated":true}]}}