{"id":37094,"date":"2025-12-29T16:35:42","date_gmt":"2025-12-29T15:35:42","guid":{"rendered":"https:\/\/www.runtosanremo.it\/?post_type=product&p=37094"},"modified":"2025-12-29T17:51:12","modified_gmt":"2025-12-29T16:51:12","slug":"2026-tessera-giornaliera-milano-sanremo-amatoriale","status":"publish","type":"product","link":"https:\/\/www.runtosanremo.it\/fr\/granfondo-milano-sanremo\/2026-tessera-giornaliera-milano-sanremo-amatoriale\/","title":{"rendered":"2026 CARTE JOURNALI\u00c8RE MILAN-SAN REMO AMATEUR"},"content":{"rendered":"<p>Les cyclistes, italiens et \u00e9trangers, qui ne poss\u00e8dent pas de carte ou licence sportive reconnue par la F\u00e9d\u00e9ration Cycliste Italienne, valide au moment de l&rsquo;inscription et au moment de la course, sont tenus obligatoirement de demander une carte journali\u00e8re, achetable exclusivement via ce site.<\/p>\n<p>La d\u00e9livrance de la carte journali\u00e8re est subordonn\u00e9e \u00e0 la pr\u00e9sentation d&rsquo;un certificat m\u00e9dical pour la pratique comp\u00e9titive du cyclisme, selon les modalit\u00e9s suivantes :<\/p>\n<ul>\n<li>pour les participants r\u00e9sidant en Italie, le certificat doit \u00eatre r\u00e9dig\u00e9 sur la formulaire officielle ASL ;<\/li>\n<li>pour les participants r\u00e9sidant \u00e0 l&rsquo;\u00e9tranger, un certificat m\u00e9dical compl\u00e9t\u00e9 et sign\u00e9 par un m\u00e9decin habilit\u00e9 est requis, en utilisant la formulaire fournie par l&rsquo;organisation et disponible sur le site officiel.<\/li>\n<\/ul>\n<blockquote><p><strong>En l&rsquo;absence de la documentation requise, il ne sera pas possible de proc\u00e9der \u00e0 la d\u00e9livrance de la carte journali\u00e8re ni d&rsquo;autoriser la participation \u00e0 la manifestation.<\/strong><\/p><\/blockquote>\n<p><strong>Pour plus d&rsquo;informations, lisez le <a href=\"https:\/\/milano-sanremo.org\/regolamento\/\">r\u00e8glement <\/a>ou consultez le site <a href=\"https:\/\/milano-sanremo.org\">www.milano-sanremo.org<\/a>.<\/strong><\/p>\n","protected":false},"excerpt":{"rendered":"<p>Les cyclistes italiens et \u00e9trangers qui ne sont pas en possession d&rsquo;une carte\/licence sportive reconnue doivent obtenir une carte journali\u00e8re, qui n&rsquo;est d\u00e9livr\u00e9e qu&rsquo;apr\u00e8s avoir \u00e9t\u00e9 achet\u00e9e sur ce site et avoir rempli les formalit\u00e9s n\u00e9cessaires.<br \/>\nPlus d&rsquo;informations sur le site officiel : <a href=\"http:\/\/www.milano-sanremo.org\">www.milano-sanremo.org<\/a><\/p>\n","protected":false},"featured_media":2902,"template":"","meta":{"_et_pb_use_builder":"","_et_pb_old_content":"","_et_gb_content_width":""},"product_brand":[],"product_cat":[73],"product_tag":[97],"class_list":{"0":"post-37094","1":"product","2":"type-product","3":"status-publish","4":"has-post-thumbnail","6":"product_cat-granfondo-milano-sanremo","7":"product_tag-granfondo-milano-sanremo-fr","8":"wcpa_has_options","10":"first","11":"instock","12":"virtual","13":"purchasable","14":"product-type-simple"},"wcpa_form_fields":{"wcpaData":{"product":{"product_price":20,"price_html":"<span class=\"woocommerce-Price-amount amount\"><bdi>20,00<span class=\"woocommerce-Price-currencySymbol\">&euro;<\/span><\/bdi><\/span>","original_product_price":20,"price_including_tax":20,"price_excluding_tax":20,"product_id":{"parent":37094,"variation":false},"is_variable":false,"stock_status":"instock","stock_quantity":null,"parent_sku":"","product_attributes":[],"custom_fields":[],"is_taxable":false,"product_name":"2026 CARTE JOURNALI\u00c8RE MILAN-SAN REMO AMATEUR","hasImage":false},"fields":{"sec_2675fef97a9a16":{"extra":{"key":"sec_2675fef97a9a16","section_id":"sec_2675fef97a9a16","name":"Default","status":1,"cl_rule":"show","enableCl":false,"relations":[],"toggle":true,"title_tag":"h3","show_title":false,"showPrice":"default","repeater":true,"repeater_section_field_label":"{field_label}","repeater_section_label":"{section_name}","repeater_bind":"quantity","form_id":27272,"form_rules":{"exclude_from_discount":false,"fee_label":"Fee","disp_hide_options_price":false,"disp_show_section_price":false,"disp_show_field_price":false,"layout_option":"standard","pric_use_as_fee":false,"process_fee_as":"woo_fee"},"layout_option":"standard"},"fields":[[{"active":true,"col":6,"relations":false,"cl_rule":"show","enableCl":false,"price":"","enablePrice":false,"className":"","label_position":"default","desc_position":"default","type":"separator","required":false,"elementId":"separator_4675fef97a9a3f","label":"Separator Field","height":"10","separatorType":"blank","gt_translate_keys":["label"],"price_dependency":false,"cl_dependency":false,"value":""}],[{"active":true,"col":6,"relations":false,"cl_rule":"show","enableCl":false,"price":"","enablePrice":false,"className":"","label_position":"default","desc_position":"default","type":"text","subtype":"text","required":true,"elementId":"text_2675fef97a9a45","label":"Pr\u00e8nom","name":"text_2675fef97a9a45","value":"","error":false,"gt_translate_keys":["label","value"],"price_dependency":false,"cl_dependency":false}],[{"active":true,"col":6,"relations":false,"cl_rule":"show","enableCl":false,"price":"","enablePrice":false,"className":"","label_position":"default","desc_position":"default","type":"text","subtype":"text","required":true,"elementId":"text_7675fef97a9a4a","label":"Nom de famille","name":"text_7675fef97a9a4a","value":"","error":false,"gt_translate_keys":["label","value"],"price_dependency":false,"cl_dependency":false}],[{"active":true,"col":6,"relations":false,"cl_rule":"show","enableCl":false,"price":"","enablePrice":false,"className":"","label_position":"default","desc_position":"default","type":"email","required":true,"elementId":"email_0675fef97a9a4f","label":"Email","name":"email_0675fef97a9a4f","value":"","allow_multiple":false,"error":false,"gt_translate_keys":["label","value"],"price_dependency":false,"cl_dependency":false}],[{"active":true,"col":6,"relations":false,"cl_rule":"show","enableCl":false,"price":"","enablePrice":false,"className":"","label_position":"default","desc_position":"default","type":"number","required":true,"elementId":"number_7675fef97a9a55","label":"T\u00e9l\u00e9phone","name":"number_7675fef97a9a55","value":"","error":false,"gt_translate_keys":["label","value"],"price_dependency":false,"cl_dependency":false}],[{"active":true,"col":6,"relations":false,"cl_rule":"show","enableCl":false,"price":"","enablePrice":false,"className":"","label_position":"default","desc_position":"default","type":"file","required":true,"elementId":"file_4675fef97a9a5a","name":"file_4675fef97a9a5a","label":"Certificat m\u00e9dical sur le formulaire de l'organisation","upload_type":"ajax","uploadSize":500,"file_types":["images","docs","design"],"error":false,"allowedFileTypes":"image\/*,.doc,.docx,.xml,.dot,.docm,.dotm,.dotx,.htm,.html,.odt,.pdf,.rtf,.txt,.wps,.xps,application\/msword,application\/vnd,.psd,.eps,.ai,.indd,.raw","gt_translate_keys":["label"],"price_dependency":false,"cl_dependency":false,"value":""}]]},"sec_10675493517436f":{"extra":{"key":"sec_10675493517436f","section_id":"sec_10675493517436f","name":"Default","status":1,"cl_rule":"show","enableCl":false,"relations":[],"toggle":true,"title_tag":"h3","show_title":false,"showPrice":"default","form_id":27177,"form_rules":{"exclude_from_discount":false,"fee_label":"Fee","disp_hide_options_price":false,"disp_show_section_price":false,"disp_show_field_price":true,"layout_option":"standard","pric_use_as_fee":false,"process_fee_as":"woo_fee"},"layout_option":"standard"},"fields":[]},"sec_hx1n1n2r2r6":{"extra":{"key":"sec_hx1n1n2r2r6","section_id":"sec_hx1n1n2r2r6","name":"New Section","status":1,"cl_rule":"show","enableCl":false,"relations":[],"toggle":true,"title_tag":"h4","show_title":false,"showPrice":"default","form_id":27177,"form_rules":{"exclude_from_discount":false,"fee_label":"Fee","disp_hide_options_price":false,"disp_show_section_price":false,"disp_show_field_price":true,"layout_option":"standard","pric_use_as_fee":false,"process_fee_as":"woo_fee"},"layout_option":"standard"},"fields":[[{"active":true,"col":6,"relations":false,"cl_rule":"show","enableCl":false,"price":"","enablePrice":false,"className":"","label_position":"default","desc_position":"default","type":"checkbox","required":true,"elementId":"checkbox_6011317452","label":"Acceptation des r\u00e8glements","name":"checkbox_6011317452","value":"","check_value":"Yes","checkUi":"","error":false,"description":"Je d\u00e9clare avoir lu et accept\u00e9 le r\u00e8glement de l'\u00e9v\u00e9nement dans son int\u00e9gralit\u00e9.","gt_translate_keys":["label","description","value","check_value"],"price_dependency":false,"cl_dependency":false}]]}},"config":{"price_override":"","enable_recaptcha":false,"bind_quantity":false,"quantity_bind_formula":false,"disp_summ_show_option_price":true,"disp_summ_show_product_price":true,"disp_summ_show_total_price":true,"disp_summ_show_fee":false,"disp_summ_show_discount":false,"summary_title":"","options_total_label":"Options Price","total_label":"Total","options_product_label":"Product Price","fee_label":"Fee","discount_label":"Discount","has_price":true,"has_quantity_formula":false},"mc_unit":1,"tax_rate":1,"tax_rate_real":1,"discount":{"percentage":0,"fixed":0},"design":{"conf":{"LabelPosition":"above","DescPosition":"above","UploadField":"custom_1","QuantityFieldStyle":"default"},"css":{"LeftLabelWidth":"120px"}},"formulas":[],"clones":false,"cartKey":false}},"_links":{"self":[{"href":"https:\/\/www.runtosanremo.it\/fr\/wp-json\/wp\/v2\/product\/37094","targetHints":{"allow":["GET"]}}],"collection":[{"href":"https:\/\/www.runtosanremo.it\/fr\/wp-json\/wp\/v2\/product"}],"about":[{"href":"https:\/\/www.runtosanremo.it\/fr\/wp-json\/wp\/v2\/types\/product"}],"wp:featuredmedia":[{"embeddable":true,"href":"https:\/\/www.runtosanremo.it\/fr\/wp-json\/wp\/v2\/media\/2902"}],"wp:attachment":[{"href":"https:\/\/www.runtosanremo.it\/fr\/wp-json\/wp\/v2\/media?parent=37094"}],"wp:term":[{"taxonomy":"product_brand","embeddable":true,"href":"https:\/\/www.runtosanremo.it\/fr\/wp-json\/wp\/v2\/product_brand?post=37094"},{"taxonomy":"product_cat","embeddable":true,"href":"https:\/\/www.runtosanremo.it\/fr\/wp-json\/wp\/v2\/product_cat?post=37094"},{"taxonomy":"product_tag","embeddable":true,"href":"https:\/\/www.runtosanremo.it\/fr\/wp-json\/wp\/v2\/product_tag?post=37094"}],"curies":[{"name":"wp","href":"https:\/\/api.w.org\/{rel}","templated":true}]}}