{"id":36998,"date":"2025-12-20T12:36:16","date_gmt":"2025-12-20T11:36:16","guid":{"rendered":"https:\/\/www.runtosanremo.it\/?post_type=product&#038;p=36998"},"modified":"2025-12-20T16:47:05","modified_gmt":"2025-12-20T15:47:05","slug":"2026-iscrizione-family-run-0-14-anni-run-for-the-whales","status":"publish","type":"product","link":"https:\/\/www.runtosanremo.it\/fr\/run-for-the-whales-fr\/2026-iscrizione-family-run-0-14-anni-run-for-the-whales\/","title":{"rendered":"INSCRIPTION FAMILY RUN 2026 0-14 ans &#8211; RUN FOR THE WHALES"},"content":{"rendered":"<h3 align=\"LEFT\">LES FRAIS D&rsquo;INSCRIPTION COMPRENNENT LES SERVICES SUIVANTS :<\/h3>\n<ul>\n<li>assistance m\u00e9dicale<\/li>\n<li>l&rsquo;assurance responsabilit\u00e9<\/li>\n<li>m\u00e9daille de participation officielle<\/li>\n<li>pectoral de course<\/li>\n<li>T-shirt technique pour enfants<\/li>\n<\/ul>\n<h3>CRIT\u00c8RES DE PARTICIPATION<\/h3>\n<p>La <strong>Family Run<\/strong> est ouverte \u00e0 tous, jeunes et moins jeunes, pour autant qu&rsquo;ils veuillent s&rsquo;amuser. En raison de la nature ludique de l&rsquo;\u00e9v\u00e9nement, aucun certificat m\u00e9dical n&rsquo;est requis (en vous inscrivant, vous d\u00e9gagez l&rsquo;organisation de toute responsabilit\u00e9).<\/p>\n<p><strong>Une quote-part de 0,50 \u20ac par inscrit payant sera revers\u00e9e \u00e0 l&rsquo;Institut Tethys pour la recherche et la pr\u00e9servation des c\u00e9tac\u00e9s du Sanctuaire Pelagos.<\/strong><\/p>\n<p><strong>Pour plus d&rsquo;informations, lisez le <a href=\"https:\/\/runforthewhales.it\/10-km\/regolamento\/\">r\u00e8glement<\/a> ou consultez le site <a href=\"https:\/\/runforthewhales.it\/\">www.runforthewhales.it<\/a>.<\/strong><\/p>\n","protected":false},"excerpt":{"rendered":"<p>La Run For The Whales aura lieu le 20 juin 2026.<\/p>\n","protected":false},"featured_media":37005,"template":"","meta":{"_et_pb_use_builder":"off","_et_pb_old_content":"Les frais d'inscription \u00e0 la course comp\u00e9titive comprennent les services suivants :\n<ul>\n \t<li>assistance technique et m\u00e9dicale<\/li>\n \t<li>l'assurance responsabilit\u00e9<\/li>\n \t<li>m\u00e9daille de participation officielle pour les athl\u00e8tes class\u00e9s<\/li>\n \t<li>Forfait course garanti uniquement pour ceux qui s'inscrivent EN LIGNE (pour ceux qui s'inscrivent sur place dans la limite des stocks disponibles)<\/li>\n \t<li>T-Shirt technique, r\u00e9serv\u00e9 aux personnes inscrites en ligne avant le 31 mai, dans une taille \u00e0 choisir selon l'ordre de pr\u00e9sentation \u00e0 la collecte des dossards, dans la limite des stocks disponibles. *<\/li>\n \t<li>pectoral de course<\/li>\n \t<li>service de chronom\u00e9trage<\/li>\n \t<li>des rafra\u00eechissements et des \u00e9ponges le long du parcours<\/li>\n \t<li>un dernier rafra\u00eechissement \u00e0 l'arriv\u00e9e<\/li>\n \t<li>d\u00e9p\u00f4t de sacs<\/li>\n \t<li>transport des sacs du d\u00e9but \u00e0 la fin<\/li>\n<\/ul>\nNotes :\n<ul>\n \t<li><em>Pour des raisons de production, le T-shirt technique n'est inclus dans le paquet de la course que pour les participants qui ont pay\u00e9 leur cotisation avant le 31 mai.<\/em><\/li>\n \t<li><em>En cas de paiement par virement bancaire, c'est la date du cr\u00e9dit des fonds sur notre compte courant qui est d\u00e9terminante, et non la date du virement.<\/em><\/li>\n<\/ul>\n \n<h2>Conditions de participation<\/h2>\n<table>\n<thead>\n<tr>\n<th style=\"text-align: center\">Option<\/th>\n<th style=\"text-align: center\"><strong>Athl\u00e8tes r\u00e9sidant en Italie<\/strong><\/th>\n<th style=\"text-align: center\"><strong>Athl\u00e8tes ne r\u00e9sidant pas en Italie<\/strong><\/th>\n<\/tr>\n<\/thead>\n<tbody>\n<tr>\n<td style=\"text-align: center\">1<\/td>\n<td>Carte de membre FIDAL\n\n(avec contr\u00f4le automatique de la validit\u00e9)<\/td>\n<td>Licence IAAF\n\n(\u00e0 envoyer \u00e0 l'organisation)<\/td>\n<\/tr>\n<tr>\n<td style=\"text-align: center\">2<\/td>\n<td>RunCard\n\n(avec contr\u00f4le automatique de la validit\u00e9) et un certificat m\u00e9dical en cours de validit\u00e9 pour l'athl\u00e9tisme de comp\u00e9tition<\/td>\n<td>Possession de la carte RunCard Fidal\n+\ncertificat m\u00e9dical d'aptitude \u00e0 l'athl\u00e9tisme sur les formulaires fournis par l'organisation (\u00e0 envoyer \u00e0 l'organisation)<\/td>\n<\/tr>\n<tr>\n<td style=\"text-align: center\">  3<\/td>\n<td>Carte RunCard-EPS\n\n(avec contr\u00f4le automatique de la validit\u00e9)<\/td>\n<td>- \u2013<\/td>\n<\/tr>\n<\/tbody>\n<\/table>\n \n\n<strong>Pour plus d'informations, lisez le <a href=\"https:\/\/runforthewhales.it\/half-marathon\/regolamento-run-for-the-whales\/\">r\u00e8glement<\/a> ou consultez le site <a href=\"https:\/\/www.runforthewhales.it\">www.runforthewhales.it<\/a>.<\/strong>\n\n ","_et_gb_content_width":""},"product_brand":[],"product_cat":[38],"product_tag":[],"class_list":{"0":"post-36998","1":"product","2":"type-product","3":"status-publish","4":"has-post-thumbnail","6":"product_cat-run-for-the-whales-fr","7":"wcpa_has_options","9":"first","10":"instock","11":"virtual","12":"purchasable","13":"product-type-simple"},"wcpa_form_fields":{"wcpaData":{"product":{"product_price":5,"price_html":"<span class=\"woocommerce-Price-amount amount\"><bdi>5,00<span class=\"woocommerce-Price-currencySymbol\">&euro;<\/span><\/bdi><\/span>","original_product_price":5,"price_including_tax":5,"price_excluding_tax":5,"product_id":{"parent":36998,"variation":false},"is_variable":false,"stock_status":"instock","stock_quantity":null,"parent_sku":"","product_attributes":[],"custom_fields":[],"is_taxable":false,"product_name":"INSCRIPTION FAMILY RUN 2026 0-14 ans - RUN FOR THE WHALES","hasImage":false},"fields":{"sec_0692a3ce28860e":{"extra":{"key":"sec_0692a3ce28860e","section_id":"sec_0692a3ce28860e","name":"Default","status":1,"cl_rule":"show","enableCl":false,"relations":[],"toggle":true,"title_tag":"h3","show_title":false,"showPrice":"default","form_id":36441,"form_rules":{"exclude_from_discount":false,"fee_label":"Fee","disp_hide_options_price":false,"disp_show_section_price":false,"disp_show_field_price":true,"layout_option":"standard","pric_use_as_fee":false,"process_fee_as":"woo_fee"},"layout_option":"standard"},"fields":[[{"active":true,"col":6,"relations":false,"cl_rule":"show","enableCl":false,"price":"","enablePrice":false,"className":"","label_position":"default","desc_position":"default","type":"select","required":true,"elementId":"select_3759076701","label":"Nationalit\u00e9","name":"select_3759076701","values":[{"label":"Albania","value":"ALB","selected":false,"tempId":"aco_323","gt_translate_keys":["label"]},{"label":"Andorra","value":"AND","selected":false,"tempId":"aco_343","gt_translate_keys":["label"]},{"label":"Argentina","value":"ARG","selected":false,"tempId":"aco_145","gt_translate_keys":["label"]},{"label":"Australia","value":"AUS","selected":false,"tempId":"aco_335","gt_translate_keys":["label"]},{"label":"Austria","value":"AUT","selected":false,"tempId":"aco_453","gt_translate_keys":["label"]},{"label":"Belarus","value":"BLR","selected":false,"tempId":"aco_571","gt_translate_keys":["label"]},{"label":"Belgium","value":"BEL","selected":false,"tempId":"aco_671","gt_translate_keys":["label"]},{"label":"Bosnia and Herzegovina","value":"BIH","selected":false,"tempId":"aco_771","gt_translate_keys":["label"]},{"label":"Brazil","value":"BRA","selected":false,"tempId":"aco_817","gt_translate_keys":["label"]},{"label":"Bulgaria","value":"BUL","selected":false,"tempId":"aco_962","gt_translate_keys":["label"]},{"label":"Canada","value":"CAN","selected":false,"tempId":"aco_1161","gt_translate_keys":["label"]},{"label":"Chile","value":"CHI","selected":false,"tempId":"aco_1171","gt_translate_keys":["label"]},{"label":"China","value":"CHN","selected":false,"tempId":"aco_1334","gt_translate_keys":["label"]},{"label":"Colombia","value":"COL","selected":false,"tempId":"aco_1344","gt_translate_keys":["label"]},{"label":"Croatia","value":"CRO","selected":false,"tempId":"aco_1354","gt_translate_keys":["label"]},{"label":"Cyprus","value":"CYP","selected":false,"tempId":"aco_1364","gt_translate_keys":["label"]},{"label":"Czech Republic","value":"CZE","selected":false,"tempId":"aco_1374","gt_translate_keys":["label"]},{"label":"Denmark","value":"DEN","selected":false,"tempId":"aco_1384","gt_translate_keys":["label"]},{"label":"Estonia","value":"EST","selected":false,"tempId":"aco_1394","gt_translate_keys":["label"]},{"label":"Finland","value":"FIN","selected":false,"tempId":"aco_1404","gt_translate_keys":["label"]},{"label":"France","value":"FRA","selected":false,"tempId":"aco_1414","gt_translate_keys":["label"]},{"label":"Germany","value":"GER","selected":false,"tempId":"aco_1424","gt_translate_keys":["label"]},{"label":"Greece","value":"GRE","selected":false,"tempId":"aco_1434","gt_translate_keys":["label"]},{"label":"Hungary","value":"HUN","selected":false,"tempId":"aco_2353","gt_translate_keys":["label"]},{"label":"Iceland","value":"ISL","selected":false,"tempId":"aco_2363","gt_translate_keys":["label"]},{"label":"India","value":"IND","selected":false,"tempId":"aco_2373","gt_translate_keys":["label"]},{"label":"Ireland","value":"IRL","selected":false,"tempId":"aco_2635","gt_translate_keys":["label"]},{"label":"Israel","value":"ISR","selected":false,"tempId":"aco_2645","gt_translate_keys":["label"]},{"label":"Italy","value":"ITA","selected":false,"tempId":"aco_2655","gt_translate_keys":["label"]},{"label":"Japan","value":"JPN","selected":false,"tempId":"aco_2665","gt_translate_keys":["label"]},{"label":"Latvia","value":"LAT","selected":false,"tempId":"aco_3098","gt_translate_keys":["label"]},{"label":"Liechtenstein","value":"LIE","selected":false,"tempId":"aco_3108","gt_translate_keys":["label"]},{"label":"Lithuania","value":"LTU","selected":false,"tempId":"aco_3118","gt_translate_keys":["label"]},{"label":"Luxembourg","value":"LUX","selected":false,"tempId":"aco_3353","gt_translate_keys":["label"]},{"label":"Malta","value":"MLT","selected":false,"tempId":"aco_3363","gt_translate_keys":["label"]},{"label":"Mexico","value":"MEX","selected":false,"tempId":"aco_3373","gt_translate_keys":["label"]},{"label":"Moldova","value":"MDA","selected":false,"tempId":"aco_3383","gt_translate_keys":["label"]},{"label":"Monaco","value":"MON","selected":false,"tempId":"aco_3393","gt_translate_keys":["label"]},{"label":"Montenegro","value":"MNE","selected":false,"tempId":"aco_3403","gt_translate_keys":["label"]},{"label":"Morocco","value":"MAR","selected":false,"tempId":"aco_3413","gt_translate_keys":["label"]},{"label":"Netherlands","value":"NED","selected":false,"tempId":"aco_3423","gt_translate_keys":["label"]},{"label":"New Zealand","value":"NZL","selected":false,"tempId":"aco_3433","gt_translate_keys":["label"]},{"label":"North Macedonia","value":"MKD","selected":false,"tempId":"aco_4082","gt_translate_keys":["label"]},{"label":"Norway","value":"NOR","selected":false,"tempId":"aco_4092","gt_translate_keys":["label"]},{"label":"Peru","value":"PER","selected":false,"tempId":"aco_4102","gt_translate_keys":["label"]},{"label":"Poland","value":"POL","selected":false,"tempId":"aco_4112","gt_translate_keys":["label"]},{"label":"Portugal","value":"POR","selected":false,"tempId":"aco_4122","gt_translate_keys":["label"]},{"label":"Qatar","value":"QAT","selected":false,"tempId":"aco_4132","gt_translate_keys":["label"]},{"label":"Romania","value":"ROU","selected":false,"tempId":"aco_4142","gt_translate_keys":["label"]},{"label":"San Marino","value":"SMR","selected":false,"tempId":"aco_4152","gt_translate_keys":["label"]},{"label":"Saudi Arabia","value":"KSA","selected":false,"tempId":"aco_4162","gt_translate_keys":["label"]},{"label":"Serbia","value":"SRB","selected":false,"tempId":"aco_4172","gt_translate_keys":["label"]},{"label":"Slovakia","value":"SVK","selected":false,"tempId":"aco_5055","gt_translate_keys":["label"]},{"label":"Slovenia","value":"SLO","selected":false,"tempId":"aco_5065","gt_translate_keys":["label"]},{"label":"South Africa","value":"RSA","selected":false,"tempId":"aco_5075","gt_translate_keys":["label"]},{"label":"South Korea","value":"KOR","selected":false,"tempId":"aco_5085","gt_translate_keys":["label"]},{"label":"Spain","value":"ESP","selected":false,"tempId":"aco_5095","gt_translate_keys":["label"]},{"label":"Sweden","value":"SWE","selected":false,"tempId":"aco_5105","gt_translate_keys":["label"]},{"label":"Switzerland","value":"SUI","selected":false,"tempId":"aco_5115","gt_translate_keys":["label"]},{"label":"Thailand","value":"THA","selected":false,"tempId":"aco_5125","gt_translate_keys":["label"]},{"label":"Tunisia","value":"TUN","selected":false,"tempId":"aco_5630","gt_translate_keys":["label"]},{"label":"Turkey","value":"TUR","selected":false,"tempId":"aco_5640","gt_translate_keys":["label"]},{"label":"Ukraine","value":"UKR","selected":false,"tempId":"aco_5650","gt_translate_keys":["label"]},{"label":"United Arab Emirates","value":"UAE","selected":false,"tempId":"aco_5660","gt_translate_keys":["label"]},{"label":"United Kingdom","value":"GBR","selected":false,"tempId":"aco_5670","gt_translate_keys":["label"]},{"label":"United States","value":"USA","selected":false,"tempId":"aco_5680","gt_translate_keys":["label"]},{"label":"Vatican City","value":"VA","selected":false,"tempId":"aco_6077","gt_translate_keys":["label"]}],"dropdown_type":"custom","error":false,"gt_translate_keys":["label"],"price_dependency":false,"cl_dependency":false,"value":""}]]},"sec_767a76c7a5641f":{"extra":{"key":"sec_767a76c7a5641f","section_id":"sec_767a76c7a5641f","name":"Default","status":1,"cl_rule":"show","enableCl":false,"relations":[],"toggle":true,"title_tag":"h3","show_title":false,"showPrice":"default","repeater":true,"repeater_section_field_label":"{field_label}","repeater_section_label":"{section_name}","repeater_bind":"quantity","form_id":28221,"form_rules":{"exclude_from_discount":false,"fee_label":"Fee","disp_hide_options_price":false,"disp_show_section_price":false,"disp_show_field_price":true,"layout_option":"standard","pric_use_as_fee":false,"process_fee_as":"woo_fee"},"layout_option":"standard"},"fields":[[{"active":true,"col":6,"relations":false,"cl_rule":"show","enableCl":false,"price":"","enablePrice":false,"className":"","label_position":"default","desc_position":"default","type":"separator","required":false,"elementId":"separator_667a76c7a56439","label":"Separator Field","height":"10","separatorType":"blank","gt_translate_keys":["label"],"price_dependency":false,"cl_dependency":false,"value":""}],[{"active":true,"col":6,"relations":false,"cl_rule":"show","enableCl":false,"price":"","enablePrice":false,"className":"","label_position":"default","desc_position":"default","type":"text","subtype":"text","required":true,"elementId":"text_367a76c7a5643e","label":"Nom","name":"text_367a76c7a5643e","value":"","error":false,"gt_translate_keys":["label","value"],"price_dependency":false,"cl_dependency":false}],[{"active":true,"col":6,"relations":false,"cl_rule":"show","enableCl":false,"price":"","enablePrice":false,"className":"","label_position":"default","desc_position":"default","type":"text","subtype":"text","required":true,"elementId":"text_667a76c7a56443","label":"Nom de famille","name":"text_667a76c7a56443","value":"","error":false,"gt_translate_keys":["label","value"],"price_dependency":false,"cl_dependency":false}],[{"active":true,"col":6,"relations":false,"cl_rule":"show","enableCl":false,"price":"","enablePrice":false,"className":"","label_position":"default","desc_position":"default","type":"email","required":true,"elementId":"email_267a76c7a56447","label":"Email","name":"email_267a76c7a56447","value":"","allow_multiple":false,"error":false,"gt_translate_keys":["label","value"],"price_dependency":false,"cl_dependency":false}],[{"active":true,"col":6,"relations":false,"cl_rule":"show","enableCl":false,"price":"","enablePrice":false,"className":"","label_position":"default","desc_position":"default","type":"number","required":true,"elementId":"number_967a76c7a5644b","label":"T\u00e9l\u00e9phone","name":"number_967a76c7a5644b","value":"","error":false,"gt_translate_keys":["label","value"],"price_dependency":false,"cl_dependency":false}],[{"active":true,"col":6,"relations":false,"cl_rule":"show","enableCl":false,"price":"","enablePrice":false,"className":"","label_position":"default","desc_position":"default","type":"date","required":true,"elementId":"date_567a76c7a56453","name":"date_567a76c7a56453","label":"Date de naissance","picker_type":"custom","picker_mode":"single","error":false,"gt_translate_keys":["label"],"price_dependency":false,"cl_dependency":false,"value":""}],[{"active":true,"col":6,"relations":false,"cl_rule":"show","enableCl":false,"price":"","enablePrice":false,"className":"","label_position":"default","desc_position":"default","type":"select","required":true,"elementId":"select_467a76c7a56457","label":"Sexe","name":"select_467a76c7a56457","values":[{"label":"M","value":"M","selected":false,"tempId":"aco_1523","gt_translate_keys":["label"]},{"label":"F","value":"F","selected":false,"tempId":"aco_1524","gt_translate_keys":["label"]}],"dropdown_type":"basic","error":false,"placeholder":" ","gt_translate_keys":["label","placeholder"],"price_dependency":false,"cl_dependency":false,"value":""}]]},"sec_10675493517436f":{"extra":{"key":"sec_10675493517436f","section_id":"sec_10675493517436f","name":"Default","status":1,"cl_rule":"show","enableCl":false,"relations":[],"toggle":true,"title_tag":"h3","show_title":false,"showPrice":"default","form_id":27177,"form_rules":{"exclude_from_discount":false,"fee_label":"Fee","disp_hide_options_price":false,"disp_show_section_price":false,"disp_show_field_price":true,"layout_option":"standard","pric_use_as_fee":false,"process_fee_as":"woo_fee"},"layout_option":"standard"},"fields":[]},"sec_hx1n1n2r2r6":{"extra":{"key":"sec_hx1n1n2r2r6","section_id":"sec_hx1n1n2r2r6","name":"New Section","status":1,"cl_rule":"show","enableCl":false,"relations":[],"toggle":true,"title_tag":"h4","show_title":false,"showPrice":"default","form_id":27177,"form_rules":{"exclude_from_discount":false,"fee_label":"Fee","disp_hide_options_price":false,"disp_show_section_price":false,"disp_show_field_price":true,"layout_option":"standard","pric_use_as_fee":false,"process_fee_as":"woo_fee"},"layout_option":"standard"},"fields":[[{"active":true,"col":6,"relations":false,"cl_rule":"show","enableCl":false,"price":"","enablePrice":false,"className":"","label_position":"default","desc_position":"default","type":"checkbox","required":true,"elementId":"checkbox_6011317452","label":"Acceptation des r\u00e8glements","name":"checkbox_6011317452","value":"","check_value":"Yes","checkUi":"","error":false,"description":"Je d\u00e9clare avoir lu et accept\u00e9 le r\u00e8glement de l'\u00e9v\u00e9nement dans son int\u00e9gralit\u00e9.","gt_translate_keys":["label","description","value","check_value"],"price_dependency":false,"cl_dependency":false}]]}},"config":{"price_override":"","enable_recaptcha":false,"bind_quantity":false,"quantity_bind_formula":false,"disp_summ_show_option_price":true,"disp_summ_show_product_price":true,"disp_summ_show_total_price":true,"disp_summ_show_fee":false,"disp_summ_show_discount":false,"summary_title":"","options_total_label":"Options Price","total_label":"Total","options_product_label":"Product Price","fee_label":"Fee","discount_label":"Discount","has_price":true,"has_quantity_formula":false},"mc_unit":1,"tax_rate":1,"tax_rate_real":1,"discount":{"percentage":0,"fixed":0},"design":{"conf":{"LabelPosition":"above","DescPosition":"above","UploadField":"custom_1","QuantityFieldStyle":"default"},"css":{"LeftLabelWidth":"120px"}},"formulas":[],"clones":false,"cartKey":false}},"_links":{"self":[{"href":"https:\/\/www.runtosanremo.it\/fr\/wp-json\/wp\/v2\/product\/36998","targetHints":{"allow":["GET"]}}],"collection":[{"href":"https:\/\/www.runtosanremo.it\/fr\/wp-json\/wp\/v2\/product"}],"about":[{"href":"https:\/\/www.runtosanremo.it\/fr\/wp-json\/wp\/v2\/types\/product"}],"wp:featuredmedia":[{"embeddable":true,"href":"https:\/\/www.runtosanremo.it\/fr\/wp-json\/wp\/v2\/media\/37005"}],"wp:attachment":[{"href":"https:\/\/www.runtosanremo.it\/fr\/wp-json\/wp\/v2\/media?parent=36998"}],"wp:term":[{"taxonomy":"product_brand","embeddable":true,"href":"https:\/\/www.runtosanremo.it\/fr\/wp-json\/wp\/v2\/product_brand?post=36998"},{"taxonomy":"product_cat","embeddable":true,"href":"https:\/\/www.runtosanremo.it\/fr\/wp-json\/wp\/v2\/product_cat?post=36998"},{"taxonomy":"product_tag","embeddable":true,"href":"https:\/\/www.runtosanremo.it\/fr\/wp-json\/wp\/v2\/product_tag?post=36998"}],"curies":[{"name":"wp","href":"https:\/\/api.w.org\/{rel}","templated":true}]}}