{"id":40834,"date":"2026-04-16T12:47:09","date_gmt":"2026-04-16T10:47:09","guid":{"rendered":"https:\/\/www.runtosanremo.it\/unkategorisiert\/2026-iscrizione-%e2%88%bc5k-ospedaletti-run-sanremo-marathon\/"},"modified":"2026-04-29T09:30:48","modified_gmt":"2026-04-29T07:30:48","slug":"2026-iscrizione-%e2%88%bc5k-ospedaletti-run-sanremo-marathon","status":"publish","type":"product","link":"https:\/\/www.runtosanremo.it\/de\/sanremo-marathon\/2026-iscrizione-%e2%88%bc5k-ospedaletti-run-sanremo-marathon\/","title":{"rendered":"2026 ANMELDUNG \u223c5K Ospedaletti RUN &#8211; SANREMO Marathon"},"content":{"rendered":"<h3>DIE ANMELDEGEB\u00dcHR F\u00dcR DEN NICHT-WETTKAMPF LAUF BEINHALTET DIE FOLGENDEN LEISTUNGEN:<\/h3>\n<ul>\n<li>\u00e4rztliche Betreuung<\/li>\n<li>Haftpflichtversicherung<\/li>\n<li>Offizielle Teilnehmermedaille, reserviert f\u00fcr diejenigen, die die Strecke absolvieren<\/li>\n<li>Starterpaket<\/li>\n<li>Funktionsshirt garantiert f\u00fcr Online-Anmeldungen mit Zahlungseingang bis zum 19. November<\/li>\n<li>Startnummer<\/li>\n<li>Zeitmessung<\/li>\n<li>Verpflegungsstationen an der Strecke<\/li>\n<li>Verpflegung im Ziel<\/li>\n<li>Gep\u00e4ckaufbewahrung<\/li>\n<\/ul>\n<h3>TEILNAHMEBEDINGUNGEN<\/h3>\n<p>Ganz im Sinne unserer Family Runs ist <strong>die Teilnahme am 5K-Lauf offen f\u00fcr alle, egal ob Gro\u00df oder Klein.<\/strong><\/p>\n<p><strong>F\u00fcr weitere Informationen lies bitte das <a href=\"https:\/\/sanremomarathon.it\/5k\/regolamento-%E2%88%BD5k\/\">Reglement<\/a> oder besuche die Website <a href=\"https:\/\/sanremomarathon.it\">www.sanremomarathon.it.<\/a><\/strong><\/p>\n<p>&nbsp;<\/p>\n","protected":false},"excerpt":{"rendered":"<p>Der \u223c5K Ospedaletti RUN findet am 5. Dezember 2026 statt.<\/p>\n<p>&nbsp;<\/p>\n","protected":false},"featured_media":40093,"template":"","meta":{"_et_pb_use_builder":"off","_et_pb_old_content":"Die Anmeldegeb\u00fchr f\u00fcr das Wettbewerbsrennen umfasst folgende Leistungen:\n<ul>\n \t<li>technische und medizinische Unterst\u00fctzung<\/li>\n \t<li>Haftpflichtversicherung<\/li>\n \t<li>offizielle Teilnahmemedaille f\u00fcr klassifizierte Athleten<\/li>\n \t<li>GARANTIERTES Rennpaket nur f\u00fcr ONLINE-Anmeldungen (f\u00fcr Anmeldungen vor Ort, solange der Vorrat reicht)<\/li>\n \t<li>Technisches T-Shirt, reserviert f\u00fcr Online-Anmeldungen bis zum 31. Mai, mit Gr\u00f6\u00dfenauswahl nach Reihenfolge der Startnummernabholung, solange der Vorrat der einzelnen Gr\u00f6\u00dfen reicht. *<\/li>\n \t<li>Startnummer<\/li>\n \t<li>Zeitmessung<\/li>\n \t<li>Verpflegung und Schwammstationen entlang der Strecke<\/li>\n \t<li>Verpflegung im Ziel<\/li>\n \t<li>Gep\u00e4ckaufbewahrung<\/li>\n \t<li>Gep\u00e4cktransport vom Start zum Ziel<\/li>\n<\/ul>\nHinweise:\n<ul>\n \t<li><em>Aus Produktionsgr\u00fcnden ist das technische T-Shirt nur f\u00fcr Teilnehmer im Rennpaket enthalten, die die Geb\u00fchr bis zum 31. Mai bezahlt haben.<\/em><\/li>\n \t<li><em>Bei Zahlung per Bank\u00fcberweisung gilt das Datum der Gutschrift der Gelder auf unserem Konto und nicht das Datum der \u00dcberweisung<\/em><\/li>\n<\/ul>\n \n<h2>Teilnahmevoraussetzungen<\/h2>\n<table>\n<thead>\n<tr>\n<th style=\"text-align: center\">Option<\/th>\n<th style=\"text-align: center\"><strong>In Italien ans\u00e4ssige Athleten<\/strong><\/th>\n<th style=\"text-align: center\"><strong>Nicht in Italien ans\u00e4ssige Athleten<\/strong><\/th>\n<\/tr>\n<\/thead>\n<tbody>\n<tr>\n<td style=\"text-align: center\">1<\/td>\n<td>FIDAL-Ausweis\n\n(mit automatischer G\u00fcltigkeitspr\u00fcfung)<\/td>\n<td>IAAF-Lizenz\n\n(an den Veranstalter zu senden)<\/td>\n<\/tr>\n<tr>\n<td style=\"text-align: center\">2<\/td>\n<td>RunCard-Ausweis\n\n(mit automatischer G\u00fcltigkeitspr\u00fcfung) und g\u00fcltiges \u00e4rztliches Attest f\u00fcr Wettkampf-Leichtathletik<\/td>\n<td>Besitz einer Fidal RunCard\n+\n\u00e4rztliches Attest f\u00fcr die spezifische Wettkampftauglichkeit in der Leichtathletik auf vom Veranstalter bereitgestellten Formularen (an den Veranstalter zu senden)<\/td>\n<\/tr>\n<tr>\n<td style=\"text-align: center\">  3<\/td>\n<td>RunCard-EPS-Ausweis\n\n(mit automatischer G\u00fcltigkeitspr\u00fcfung)<\/td>\n<td>\u2013<\/td>\n<\/tr>\n<\/tbody>\n<\/table>\n \n\n<strong>F\u00fcr weitere Informationen lies bitte das <a href=\"https:\/\/runforthewhales.it\/half-marathon\/regolamento-run-for-the-whales\/\">Reglement<\/a> oder besuche die Website <a href=\"https:\/\/www.runforthewhales.it\">www.runforthewhales.it<\/a><\/strong>\n\n ","_et_gb_content_width":""},"product_brand":[],"product_cat":[114],"product_tag":[129],"class_list":{"0":"post-40834","1":"product","2":"type-product","3":"status-publish","4":"has-post-thumbnail","6":"product_cat-sanremo-marathon","7":"product_tag-qty-lock","8":"wcpa_has_options","10":"first","11":"instock","12":"sale","13":"virtual","14":"purchasable","15":"product-type-simple"},"wcpa_form_fields":{"wcpaData":{"product":{"product_price":18,"price_html":"<del aria-hidden=\"true\"><span class=\"woocommerce-Price-amount amount\"><bdi>25,00<span class=\"woocommerce-Price-currencySymbol\">&euro;<\/span><\/bdi><\/span><\/del> <span class=\"screen-reader-text\">Urspr\u00fcnglicher Preis war: 25,00&euro;<\/span><ins aria-hidden=\"true\"><span class=\"woocommerce-Price-amount amount\"><bdi>18,00<span class=\"woocommerce-Price-currencySymbol\">&euro;<\/span><\/bdi><\/span><\/ins><span class=\"screen-reader-text\">Aktueller Preis ist: 18,00&euro;.<\/span>","original_product_price":25,"price_including_tax":18,"price_excluding_tax":18,"product_id":{"parent":40834,"variation":false},"is_variable":false,"stock_status":"instock","stock_quantity":350,"parent_sku":"","product_attributes":[],"custom_fields":[],"is_taxable":false,"product_name":"2026 ANMELDUNG \u223c5K Ospedaletti RUN - SANREMO Marathon","hasImage":false},"fields":{"sec_0692a3ce28860e":{"extra":{"key":"sec_0692a3ce28860e","section_id":"sec_0692a3ce28860e","name":"Default","status":1,"cl_rule":"show","enableCl":false,"relations":[],"toggle":true,"title_tag":"h3","show_title":false,"showPrice":"default","form_id":36442,"form_rules":{"exclude_from_discount":false,"fee_label":"Fee","disp_hide_options_price":false,"disp_show_section_price":false,"disp_show_field_price":true,"layout_option":"standard","pric_use_as_fee":false,"process_fee_as":"woo_fee"},"layout_option":"standard"},"fields":[[{"active":true,"col":6,"relations":false,"cl_rule":"show","enableCl":false,"price":"","enablePrice":false,"className":"","label_position":"default","desc_position":"default","type":"select","required":true,"elementId":"select_3759076701","label":"Nationalit\u00e4t","name":"select_3759076701","values":[{"label":"Albania","value":"ALB","selected":false,"tempId":"aco_323","gt_translate_keys":["label"]},{"label":"Andorra","value":"AND","selected":false,"tempId":"aco_343","gt_translate_keys":["label"]},{"label":"Argentina","value":"ARG","selected":false,"tempId":"aco_145","gt_translate_keys":["label"]},{"label":"Australia","value":"AUS","selected":false,"tempId":"aco_335","gt_translate_keys":["label"]},{"label":"Austria","value":"AUT","selected":false,"tempId":"aco_453","gt_translate_keys":["label"]},{"label":"Belarus","value":"BLR","selected":false,"tempId":"aco_571","gt_translate_keys":["label"]},{"label":"Belgium","value":"BEL","selected":false,"tempId":"aco_671","gt_translate_keys":["label"]},{"label":"Bosnia and Herzegovina","value":"BIH","selected":false,"tempId":"aco_771","gt_translate_keys":["label"]},{"label":"Brazil","value":"BRA","selected":false,"tempId":"aco_817","gt_translate_keys":["label"]},{"label":"Bulgaria","value":"BUL","selected":false,"tempId":"aco_962","gt_translate_keys":["label"]},{"label":"Canada","value":"CAN","selected":false,"tempId":"aco_1161","gt_translate_keys":["label"]},{"label":"Chile","value":"CHI","selected":false,"tempId":"aco_1171","gt_translate_keys":["label"]},{"label":"China","value":"CHN","selected":false,"tempId":"aco_1334","gt_translate_keys":["label"]},{"label":"Colombia","value":"COL","selected":false,"tempId":"aco_1344","gt_translate_keys":["label"]},{"label":"Croatia","value":"CRO","selected":false,"tempId":"aco_1354","gt_translate_keys":["label"]},{"label":"Cyprus","value":"CYP","selected":false,"tempId":"aco_1364","gt_translate_keys":["label"]},{"label":"Czech Republic","value":"CZE","selected":false,"tempId":"aco_1374","gt_translate_keys":["label"]},{"label":"Denmark","value":"DEN","selected":false,"tempId":"aco_1384","gt_translate_keys":["label"]},{"label":"Estonia","value":"EST","selected":false,"tempId":"aco_1394","gt_translate_keys":["label"]},{"label":"Finland","value":"FIN","selected":false,"tempId":"aco_1404","gt_translate_keys":["label"]},{"label":"France","value":"FRA","selected":false,"tempId":"aco_1414","gt_translate_keys":["label"]},{"label":"Germany","value":"GER","selected":false,"tempId":"aco_1424","gt_translate_keys":["label"]},{"label":"Greece","value":"GRE","selected":false,"tempId":"aco_1434","gt_translate_keys":["label"]},{"label":"Hungary","value":"HUN","selected":false,"tempId":"aco_2353","gt_translate_keys":["label"]},{"label":"Iceland","value":"ISL","selected":false,"tempId":"aco_2363","gt_translate_keys":["label"]},{"label":"India","value":"IND","selected":false,"tempId":"aco_2373","gt_translate_keys":["label"]},{"label":"Ireland","value":"IRL","selected":false,"tempId":"aco_2635","gt_translate_keys":["label"]},{"label":"Israel","value":"ISR","selected":false,"tempId":"aco_2645","gt_translate_keys":["label"]},{"label":"Italy","value":"ITA","selected":false,"tempId":"aco_2655","gt_translate_keys":["label"]},{"label":"Japan","value":"JPN","selected":false,"tempId":"aco_2665","gt_translate_keys":["label"]},{"label":"Latvia","value":"LAT","selected":false,"tempId":"aco_3098","gt_translate_keys":["label"]},{"label":"Liechtenstein","value":"LIE","selected":false,"tempId":"aco_3108","gt_translate_keys":["label"]},{"label":"Lithuania","value":"LTU","selected":false,"tempId":"aco_3118","gt_translate_keys":["label"]},{"label":"Luxembourg","value":"LUX","selected":false,"tempId":"aco_3353","gt_translate_keys":["label"]},{"label":"Malta","value":"MLT","selected":false,"tempId":"aco_3363","gt_translate_keys":["label"]},{"label":"Mexico","value":"MEX","selected":false,"tempId":"aco_3373","gt_translate_keys":["label"]},{"label":"Moldova","value":"MDA","selected":false,"tempId":"aco_3383","gt_translate_keys":["label"]},{"label":"Monaco","value":"MON","selected":false,"tempId":"aco_3393","gt_translate_keys":["label"]},{"label":"Montenegro","value":"MNE","selected":false,"tempId":"aco_3403","gt_translate_keys":["label"]},{"label":"Morocco","value":"MAR","selected":false,"tempId":"aco_3413","gt_translate_keys":["label"]},{"label":"Netherlands","value":"NED","selected":false,"tempId":"aco_3423","gt_translate_keys":["label"]},{"label":"New Zealand","value":"NZL","selected":false,"tempId":"aco_3433","gt_translate_keys":["label"]},{"label":"North Macedonia","value":"MKD","selected":false,"tempId":"aco_4082","gt_translate_keys":["label"]},{"label":"Norway","value":"NOR","selected":false,"tempId":"aco_4092","gt_translate_keys":["label"]},{"label":"Peru","value":"PER","selected":false,"tempId":"aco_4102","gt_translate_keys":["label"]},{"label":"Poland","value":"POL","selected":false,"tempId":"aco_4112","gt_translate_keys":["label"]},{"label":"Portugal","value":"POR","selected":false,"tempId":"aco_4122","gt_translate_keys":["label"]},{"label":"Qatar","value":"QAT","selected":false,"tempId":"aco_4132","gt_translate_keys":["label"]},{"label":"Romania","value":"ROU","selected":false,"tempId":"aco_4142","gt_translate_keys":["label"]},{"label":"San Marino","value":"SMR","selected":false,"tempId":"aco_4152","gt_translate_keys":["label"]},{"label":"Saudi Arabia","value":"KSA","selected":false,"tempId":"aco_4162","gt_translate_keys":["label"]},{"label":"Serbia","value":"SRB","selected":false,"tempId":"aco_4172","gt_translate_keys":["label"]},{"label":"Slovakia","value":"SVK","selected":false,"tempId":"aco_5055","gt_translate_keys":["label"]},{"label":"Slovenia","value":"SLO","selected":false,"tempId":"aco_5065","gt_translate_keys":["label"]},{"label":"South Africa","value":"RSA","selected":false,"tempId":"aco_5075","gt_translate_keys":["label"]},{"label":"South Korea","value":"KOR","selected":false,"tempId":"aco_5085","gt_translate_keys":["label"]},{"label":"Spain","value":"ESP","selected":false,"tempId":"aco_5095","gt_translate_keys":["label"]},{"label":"Sweden","value":"SWE","selected":false,"tempId":"aco_5105","gt_translate_keys":["label"]},{"label":"Switzerland","value":"SUI","selected":false,"tempId":"aco_5115","gt_translate_keys":["label"]},{"label":"Thailand","value":"THA","selected":false,"tempId":"aco_5125","gt_translate_keys":["label"]},{"label":"Tunisia","value":"TUN","selected":false,"tempId":"aco_5630","gt_translate_keys":["label"]},{"label":"Turkey","value":"TUR","selected":false,"tempId":"aco_5640","gt_translate_keys":["label"]},{"label":"Ukraine","value":"UKR","selected":false,"tempId":"aco_5650","gt_translate_keys":["label"]},{"label":"United Arab Emirates","value":"UAE","selected":false,"tempId":"aco_5660","gt_translate_keys":["label"]},{"label":"United Kingdom","value":"GBR","selected":false,"tempId":"aco_5670","gt_translate_keys":["label"]},{"label":"United States","value":"USA","selected":false,"tempId":"aco_5680","gt_translate_keys":["label"]},{"label":"Vatican City","value":"VA","selected":false,"tempId":"aco_6077","gt_translate_keys":["label"]}],"dropdown_type":"custom","error":false,"gt_translate_keys":["label"],"price_dependency":false,"cl_dependency":false,"value":""}]]},"sec_267eb07b5413c6":{"extra":{"key":"sec_267eb07b5413c6","section_id":"sec_267eb07b5413c6","name":"Default","status":1,"cl_rule":"show","enableCl":false,"relations":[],"toggle":true,"title_tag":"h3","show_title":false,"showPrice":"default","repeater":true,"repeater_section_field_label":"{field_label}","repeater_section_label":"{section_name}","repeater_bind":"quantity","form_id":40057,"form_rules":{"exclude_from_discount":false,"fee_label":"Fee","disp_hide_options_price":false,"disp_show_section_price":false,"disp_show_field_price":true,"layout_option":"standard","pric_use_as_fee":false,"process_fee_as":"woo_fee"},"layout_option":"standard"},"fields":[[{"active":true,"col":6,"relations":false,"cl_rule":"show","enableCl":false,"price":"","enablePrice":false,"className":"","label_position":"default","desc_position":"default","type":"header","required":false,"elementId":"header_467eb07b5413e1","label":"Dati atleta","subtype":"h1","error":false,"gt_translate_keys":["label"],"price_dependency":false,"cl_dependency":false,"value":""}],[{"active":true,"col":6,"relations":false,"cl_rule":"show","enableCl":false,"price":"","enablePrice":false,"className":"","label_position":"default","desc_position":"default","type":"separator","required":false,"elementId":"separator_367eb07b5413eb","label":"Separator Field","height":"10","separatorType":"blank","gt_translate_keys":["label"],"price_dependency":false,"cl_dependency":false,"value":""}],[{"active":true,"col":6,"relations":false,"cl_rule":"show","enableCl":false,"price":"","enablePrice":false,"className":"","label_position":"default","desc_position":"default","type":"text","subtype":"text","required":true,"elementId":"text_767eb07b5413f1","label":"Name","name":"text_767eb07b5413f1","value":"","error":false,"gt_translate_keys":["label","value"],"price_dependency":false,"cl_dependency":false}],[{"active":true,"col":6,"relations":false,"cl_rule":"show","enableCl":false,"price":"","enablePrice":false,"className":"","label_position":"default","desc_position":"default","type":"text","subtype":"text","required":true,"elementId":"text_267eb07b5413f6","label":"Nachname","name":"text_267eb07b5413f6","value":"","error":false,"gt_translate_keys":["label","value"],"price_dependency":false,"cl_dependency":false}],[{"active":true,"col":6,"relations":false,"cl_rule":"show","enableCl":false,"price":"","enablePrice":false,"className":"","label_position":"default","desc_position":"default","type":"email","required":true,"elementId":"email_067eb07b5413fb","label":"Email","name":"email_067eb07b5413fb","value":"","allow_multiple":false,"error":false,"gt_translate_keys":["label","value"],"price_dependency":false,"cl_dependency":false}],[{"active":true,"col":6,"relations":false,"cl_rule":"show","enableCl":false,"price":"","enablePrice":false,"className":"","label_position":"default","desc_position":"default","type":"number","required":true,"elementId":"number_667eb07b541400","label":"Telefon","name":"number_667eb07b541400","value":"","error":false,"gt_translate_keys":["label","value"],"price_dependency":false,"cl_dependency":false}],[{"active":true,"col":6,"relations":false,"cl_rule":"show","enableCl":false,"price":"","enablePrice":false,"className":"","label_position":"default","desc_position":"default","type":"select","required":true,"elementId":"select_367eb07b541405","label":"Hemdgr\u00f6\u00dfe","name":"select_367eb07b541405","values":[{"label":"XS","value":"XS","selected":false,"tempId":"aco_451","gt_translate_keys":["label"]},{"label":"S","value":"S","selected":false,"tempId":"aco_452","gt_translate_keys":["label"]},{"label":"M","value":"M","selected":false,"tempId":"aco_453","gt_translate_keys":["label"]},{"label":"L","value":"L","selected":false,"tempId":"aco_607","gt_translate_keys":["label"]},{"label":"XL","value":"XL","selected":false,"tempId":"aco_617","gt_translate_keys":["label"]},{"label":"XXL","value":"XXL","selected":false,"tempId":"aco_735","gt_translate_keys":["label"]}],"dropdown_type":"basic","error":false,"placeholder":" ","gt_translate_keys":["label","placeholder"],"price_dependency":false,"cl_dependency":false,"value":""}],[{"active":true,"col":6,"relations":false,"cl_rule":"show","enableCl":false,"price":"","enablePrice":false,"className":"","label_position":"default","desc_position":"default","type":"date","required":true,"elementId":"date_867eb07b541409","name":"date_867eb07b541409","label":"Geburtsdatum","picker_type":"custom","picker_mode":"single","error":false,"gt_translate_keys":["label"],"price_dependency":false,"cl_dependency":false,"value":""}],[{"active":true,"col":6,"relations":false,"cl_rule":"show","enableCl":false,"price":"","enablePrice":false,"className":"","label_position":"default","desc_position":"default","type":"select","required":true,"elementId":"select_067eb07b54140e","label":"Sex","name":"select_067eb07b54140e","values":[{"label":"M","value":"M","selected":false,"tempId":"aco_1523","gt_translate_keys":["label"]},{"label":"W","value":"F","selected":false,"tempId":"aco_1524","gt_translate_keys":["label"]}],"dropdown_type":"basic","error":false,"placeholder":" ","gt_translate_keys":["label","placeholder"],"price_dependency":false,"cl_dependency":false,"value":""}]]},"sec_10675493517436f":{"extra":{"key":"sec_10675493517436f","section_id":"sec_10675493517436f","name":"Default","status":1,"cl_rule":"show","enableCl":false,"relations":[],"toggle":true,"title_tag":"h3","show_title":false,"showPrice":"default","form_id":36042,"form_rules":{"exclude_from_discount":false,"fee_label":"Fee","disp_hide_options_price":false,"disp_show_section_price":false,"disp_show_field_price":true,"layout_option":"standard","pric_use_as_fee":false,"process_fee_as":"woo_fee"},"layout_option":"standard"},"fields":[]},"sec_hx1n1n2r2r6":{"extra":{"key":"sec_hx1n1n2r2r6","section_id":"sec_hx1n1n2r2r6","name":"New Section","status":1,"cl_rule":"show","enableCl":false,"relations":[],"toggle":true,"title_tag":"h4","show_title":false,"showPrice":"default","form_id":36042,"form_rules":{"exclude_from_discount":false,"fee_label":"Fee","disp_hide_options_price":false,"disp_show_section_price":false,"disp_show_field_price":true,"layout_option":"standard","pric_use_as_fee":false,"process_fee_as":"woo_fee"},"layout_option":"standard"},"fields":[[{"active":true,"col":6,"relations":false,"cl_rule":"show","enableCl":false,"price":"","enablePrice":false,"className":"","label_position":"default","desc_position":"default","type":"checkbox","required":true,"elementId":"checkbox_6011317452","label":"Annahme der Bestimmungen","name":"checkbox_6011317452","value":"","check_value":"Yes","checkUi":"","error":false,"description":"Ich erkl\u00e4re hiermit, dass ich die Regeln der Veranstaltung in ihrer Gesamtheit gelesen und akzeptiert habe.","gt_translate_keys":["label","description","value","check_value"],"price_dependency":false,"cl_dependency":false}]]}},"config":{"price_override":"","enable_recaptcha":false,"bind_quantity":false,"quantity_bind_formula":false,"disp_summ_show_option_price":true,"disp_summ_show_product_price":true,"disp_summ_show_total_price":true,"disp_summ_show_fee":false,"disp_summ_show_discount":false,"summary_title":"","options_total_label":"Options Price","total_label":"Total","options_product_label":"Product Price","fee_label":"Fee","discount_label":"Discount","has_price":true,"has_quantity_formula":false},"mc_unit":1,"tax_rate":1,"tax_rate_real":1,"discount":{"percentage":0,"fixed":0},"design":{"conf":{"LabelPosition":"above","DescPosition":"above","UploadField":"custom_1","QuantityFieldStyle":"default"},"css":{"LeftLabelWidth":"120px"}},"formulas":[],"clones":false,"cartKey":false}},"_links":{"self":[{"href":"https:\/\/www.runtosanremo.it\/de\/wp-json\/wp\/v2\/product\/40834","targetHints":{"allow":["GET"]}}],"collection":[{"href":"https:\/\/www.runtosanremo.it\/de\/wp-json\/wp\/v2\/product"}],"about":[{"href":"https:\/\/www.runtosanremo.it\/de\/wp-json\/wp\/v2\/types\/product"}],"wp:featuredmedia":[{"embeddable":true,"href":"https:\/\/www.runtosanremo.it\/de\/wp-json\/wp\/v2\/media\/40093"}],"wp:attachment":[{"href":"https:\/\/www.runtosanremo.it\/de\/wp-json\/wp\/v2\/media?parent=40834"}],"wp:term":[{"taxonomy":"product_brand","embeddable":true,"href":"https:\/\/www.runtosanremo.it\/de\/wp-json\/wp\/v2\/product_brand?post=40834"},{"taxonomy":"product_cat","embeddable":true,"href":"https:\/\/www.runtosanremo.it\/de\/wp-json\/wp\/v2\/product_cat?post=40834"},{"taxonomy":"product_tag","embeddable":true,"href":"https:\/\/www.runtosanremo.it\/de\/wp-json\/wp\/v2\/product_tag?post=40834"}],"curies":[{"name":"wp","href":"https:\/\/api.w.org\/{rel}","templated":true}]}}