{"id":37287,"date":"2025-12-30T16:43:22","date_gmt":"2025-12-30T15:43:22","guid":{"rendered":"https:\/\/www.runtosanremo.it\/?post_type=product&#038;p=37287"},"modified":"2025-12-30T18:19:53","modified_gmt":"2025-12-30T17:19:53","slug":"2026-servizio-di-trasporto-grandi-bagagli-milano-sanremo","status":"publish","type":"product","link":"https:\/\/www.runtosanremo.it\/de\/granfondo-mailand-sanremo\/2026-servizio-di-trasporto-grandi-bagagli-milano-sanremo\/","title":{"rendered":"2026 Transportservice f\u00fcr gro\u00dfes Gep\u00e4ck Mailand &#8211; Sanremo"},"content":{"rendered":"<p>Transportservice f\u00fcr Bike Boxen und Trolleys &#8211; Kosten pro St\u00fcck.<\/p>\n","protected":false},"excerpt":{"rendered":"<p>Gep\u00e4cktransport von Mailand nach Sanremo.<\/p>\n","protected":false},"featured_media":37288,"template":"","meta":{"_et_pb_use_builder":"","_et_pb_old_content":"","_et_gb_content_width":""},"product_brand":[],"product_cat":[108],"product_tag":[],"class_list":{"0":"post-37287","1":"product","2":"type-product","3":"status-publish","4":"has-post-thumbnail","6":"product_cat-granfondo-mailand-sanremo","8":"first","9":"instock","10":"shipping-taxable","11":"purchasable","12":"product-type-variable"},"wcpa_form_fields":null,"_links":{"self":[{"href":"https:\/\/www.runtosanremo.it\/de\/wp-json\/wp\/v2\/product\/37287","targetHints":{"allow":["GET"]}}],"collection":[{"href":"https:\/\/www.runtosanremo.it\/de\/wp-json\/wp\/v2\/product"}],"about":[{"href":"https:\/\/www.runtosanremo.it\/de\/wp-json\/wp\/v2\/types\/product"}],"wp:featuredmedia":[{"embeddable":true,"href":"https:\/\/www.runtosanremo.it\/de\/wp-json\/wp\/v2\/media\/37288"}],"wp:attachment":[{"href":"https:\/\/www.runtosanremo.it\/de\/wp-json\/wp\/v2\/media?parent=37287"}],"wp:term":[{"taxonomy":"product_brand","embeddable":true,"href":"https:\/\/www.runtosanremo.it\/de\/wp-json\/wp\/v2\/product_brand?post=37287"},{"taxonomy":"product_cat","embeddable":true,"href":"https:\/\/www.runtosanremo.it\/de\/wp-json\/wp\/v2\/product_cat?post=37287"},{"taxonomy":"product_tag","embeddable":true,"href":"https:\/\/www.runtosanremo.it\/de\/wp-json\/wp\/v2\/product_tag?post=37287"}],"curies":[{"name":"wp","href":"https:\/\/api.w.org\/{rel}","templated":true}]}}