{"id":37141,"date":"2025-12-30T15:34:54","date_gmt":"2025-12-30T14:34:54","guid":{"rendered":"https:\/\/www.runtosanremo.it\/?post_type=product&#038;p=37141"},"modified":"2026-01-02T00:04:45","modified_gmt":"2026-01-01T23:04:45","slug":"2026-hotel-ufficiale-a-milano-camera-doppia-milano-sanremo","status":"publish","type":"product","link":"https:\/\/www.runtosanremo.it\/de\/granfondo-mailand-sanremo\/2026-hotel-ufficiale-a-milano-camera-doppia-milano-sanremo\/","title":{"rendered":"2026 OFFIZIELLES HOTEL IN MAILAND \u2013 DOPPELZIMMER \u2013 MAILAND SANREMO"},"content":{"rendered":"<div class=\"et_pb_pricing_heading\"><span class=\"et_pb_best_value\">HOTEL IBIS STYLE SETTALA direkt am Start des Rennens<\/span><\/div>\n<div class=\"et_pb_pricing_content_top\">\n<ul class=\"et_pb_pricing\">\n<li>Doppelzimmer<\/li>\n<li><strong>Inklusive Willkommensdinner am Samstagabend, Getr\u00e4nke inklusive<\/strong><\/li>\n<li><strong>Inklusive Sportlerfr\u00fchst\u00fcck um 5:00 Uhr am Renntag.<\/strong><\/li>\n<\/ul>\n<\/div>\n<p><strong>Das Hotel in Mailand bietet die M\u00f6glichkeit, das Fahrrad mit ins Zimmer zu nehmen oder die Organisation einer bewachten Aufbewahrung<\/strong><\/p>\n<p><strong>Fr\u00fchst\u00fcck am fr\u00fchen Morgen: Am Tag der Veranstaltung wird ab 5:00 Uhr ein Fr\u00fchst\u00fcck mit Kohlenhydratanreicherung (Pasta und Reis) serviert \u2013 EXKLUSIVER SERVICE in allen unseren Hotels!<\/strong><\/p>\n<p><strong>Willkommensdinner f\u00fcr diejenigen, die das Hotel mit Halbpension buchen \u2013 EXKLUSIVER SERVICE im offiziellen Hotel!<\/strong><\/p>\n<p>Die Gutscheine werden per E-Mail verschickt.<\/p>\n<p>Bitte lesen Sie die Buchungsbedingungen f\u00fcr das Produkt Hotel auf <a href=\"https:\/\/milano-sanremo.org\/informazioni-sito\/politica-di-prenotazione\/\" target=\"_blank\" rel=\"noopener noreferrer\">dieser Seite<\/a> sorgf\u00e4ltig durch.<\/p>\n","protected":false},"excerpt":{"rendered":"<div class=\"et_pb_module et_pb_text et_pb_text_0 et_pb_text_align_left et_pb_bg_layout_light\">\n<div class=\"et_pb_text_inner\">\n<p><span style=\"font-weight: 400;\">HOTEL AM START. UNSERE EXKLUSIVIT\u00c4T. <\/span><span style=\"font-weight: 400;\"><br \/>\n<\/span><span style=\"font-weight: 400;\">Doppelzimmer-L\u00f6sung (F\u00dcR 2 PERSONEN), Preis pro Person, mit Halbpension.<\/span><span style=\"font-weight: 400;\"><br \/>\n<\/span><\/p>\n<\/div>\n<\/div>\n","protected":false},"featured_media":37142,"template":"","meta":{"_et_pb_use_builder":"off","_et_pb_old_content":"","_et_gb_content_width":""},"product_brand":[],"product_cat":[108],"product_tag":[116],"class_list":{"0":"post-37141","1":"product","2":"type-product","3":"status-publish","4":"has-post-thumbnail","6":"product_cat-granfondo-mailand-sanremo","7":"product_tag-granfondo-mailand-sanremo","9":"first","10":"instock","11":"virtual","12":"sold-individually","13":"purchasable","14":"product-type-phive_booking"},"wcpa_form_fields":null,"_links":{"self":[{"href":"https:\/\/www.runtosanremo.it\/de\/wp-json\/wp\/v2\/product\/37141","targetHints":{"allow":["GET"]}}],"collection":[{"href":"https:\/\/www.runtosanremo.it\/de\/wp-json\/wp\/v2\/product"}],"about":[{"href":"https:\/\/www.runtosanremo.it\/de\/wp-json\/wp\/v2\/types\/product"}],"wp:featuredmedia":[{"embeddable":true,"href":"https:\/\/www.runtosanremo.it\/de\/wp-json\/wp\/v2\/media\/37142"}],"wp:attachment":[{"href":"https:\/\/www.runtosanremo.it\/de\/wp-json\/wp\/v2\/media?parent=37141"}],"wp:term":[{"taxonomy":"product_brand","embeddable":true,"href":"https:\/\/www.runtosanremo.it\/de\/wp-json\/wp\/v2\/product_brand?post=37141"},{"taxonomy":"product_cat","embeddable":true,"href":"https:\/\/www.runtosanremo.it\/de\/wp-json\/wp\/v2\/product_cat?post=37141"},{"taxonomy":"product_tag","embeddable":true,"href":"https:\/\/www.runtosanremo.it\/de\/wp-json\/wp\/v2\/product_tag?post=37141"}],"curies":[{"name":"wp","href":"https:\/\/api.w.org\/{rel}","templated":true}]}}