{"id":37095,"date":"2025-12-29T16:35:42","date_gmt":"2025-12-29T15:35:42","guid":{"rendered":"https:\/\/www.runtosanremo.it\/?post_type=product&p=37095"},"modified":"2025-12-29T17:51:29","modified_gmt":"2025-12-29T16:51:29","slug":"2026-tessera-giornaliera-milano-sanremo-amatoriale","status":"publish","type":"product","link":"https:\/\/www.runtosanremo.it\/de\/granfondo-mailand-sanremo\/2026-tessera-giornaliera-milano-sanremo-amatoriale\/","title":{"rendered":"2026 TAGESKARTE MAILAND-SANREMO AMATEUR"},"content":{"rendered":"<p>Radfahrer, italienische und ausl\u00e4ndische, die keine von der Federazione Ciclistica Italiana anerkannte Sportkarte oder Lizenz besitzen, die sowohl zum Zeitpunkt der Anmeldung als auch zum Zeitpunkt des Rennens g\u00fcltig ist, sind verpflichtet, eine Tageskarte zu beantragen, die ausschlie\u00dflich \u00fcber diese Website erworben werden kann.<\/p>\n<p>Die Ausstellung der Tageslizenz ist von der Vorlage eines \u00e4rztlichen Attests f\u00fcr die Wettkampfaus\u00fcbung im Radsport abh\u00e4ngig, und zwar auf folgende Weise:<\/p>\n<ul>\n<li>F\u00fcr Teilnehmer mit Wohnsitz in Italien muss die Bescheinigung auf einem offiziellen ASL-Formular ausgestellt werden.<\/li>\n<li>F\u00fcr Teilnehmer mit Wohnsitz im Ausland ist eine von einem zugelassenen Arzt ausgef\u00fcllte und unterzeichnete \u00e4rztliche Bescheinigung erforderlich, wobei das von der Organisation zur Verf\u00fcgung gestellte Formular zu verwenden ist, das auf der offiziellen Website erh\u00e4ltlich ist.<\/li>\n<\/ul>\n<blockquote><p><strong>Ohne die erforderlichen Unterlagen ist es nicht m\u00f6glich, die Tageskarte auszustellen oder die Teilnahme an der Veranstaltung zu gestatten.<\/strong><\/p><\/blockquote>\n<p><strong>F\u00fcr weitere Informationen lies bitte das <a href=\"https:\/\/milano-sanremo.org\/regolamento\/\">Reglement<\/a> oder besuche die Website <a href=\"https:\/\/milano-sanremo.org\">www.milano-sanremo.org<\/a><\/strong><\/p>\n","protected":false},"excerpt":{"rendered":"<p>Italienische und ausl\u00e4ndische Radfahrer, die keine anerkannte Sportkarte\/-lizenz besitzen, m\u00fcssen zwingend eine Tageskarte erwerben, die nur nach dem Kauf auf dieser Website und nach Abschluss der erforderlichen Formalit\u00e4ten ausgestellt wird.<br \/>\nWeitere Informationen auf der offiziellen Website: <a href=\"http:\/\/www.milano-sanremo.org\">www.milano-sanremo.org<\/a><\/p>\n","protected":false},"featured_media":36525,"template":"","meta":{"_et_pb_use_builder":"","_et_pb_old_content":"","_et_gb_content_width":""},"product_brand":[],"product_cat":[108],"product_tag":[116],"class_list":{"0":"post-37095","1":"product","2":"type-product","3":"status-publish","4":"has-post-thumbnail","6":"product_cat-granfondo-mailand-sanremo","7":"product_tag-granfondo-mailand-sanremo","8":"wcpa_has_options","10":"first","11":"instock","12":"virtual","13":"purchasable","14":"product-type-simple"},"wcpa_form_fields":{"wcpaData":{"product":{"product_price":20,"price_html":"<span class=\"woocommerce-Price-amount amount\"><bdi>20,00<span class=\"woocommerce-Price-currencySymbol\">&euro;<\/span><\/bdi><\/span>","original_product_price":20,"price_including_tax":20,"price_excluding_tax":20,"product_id":{"parent":37095,"variation":false},"is_variable":false,"stock_status":"instock","stock_quantity":null,"parent_sku":"","product_attributes":[],"custom_fields":[],"is_taxable":false,"product_name":"2026 TAGESKARTE MAILAND-SANREMO AMATEUR","hasImage":false},"fields":{"sec_2675fef97a9a16":{"extra":{"key":"sec_2675fef97a9a16","section_id":"sec_2675fef97a9a16","name":"Default","status":1,"cl_rule":"show","enableCl":false,"relations":[],"toggle":true,"title_tag":"h3","show_title":false,"showPrice":"default","repeater":true,"repeater_section_field_label":"{field_label}","repeater_section_label":"{section_name}","repeater_bind":"quantity","form_id":37092,"form_rules":{"exclude_from_discount":false,"fee_label":"Fee","disp_hide_options_price":false,"disp_show_section_price":false,"disp_show_field_price":false,"layout_option":"standard","pric_use_as_fee":false,"process_fee_as":"woo_fee"},"layout_option":"standard"},"fields":[[{"active":true,"col":6,"relations":false,"cl_rule":"show","enableCl":false,"price":"","enablePrice":false,"className":"","label_position":"default","desc_position":"default","type":"separator","required":false,"elementId":"separator_4675fef97a9a3f","label":"Separator Field","height":"10","separatorType":"blank","gt_translate_keys":["label"],"price_dependency":false,"cl_dependency":false,"value":""}],[{"active":true,"col":6,"relations":false,"cl_rule":"show","enableCl":false,"price":"","enablePrice":false,"className":"","label_position":"default","desc_position":"default","type":"text","subtype":"text","required":true,"elementId":"text_2675fef97a9a45","label":"Name","name":"text_2675fef97a9a45","value":"","error":false,"gt_translate_keys":["label","value"],"price_dependency":false,"cl_dependency":false}],[{"active":true,"col":6,"relations":false,"cl_rule":"show","enableCl":false,"price":"","enablePrice":false,"className":"","label_position":"default","desc_position":"default","type":"text","subtype":"text","required":true,"elementId":"text_7675fef97a9a4a","label":"Nachname","name":"text_7675fef97a9a4a","value":"","error":false,"gt_translate_keys":["label","value"],"price_dependency":false,"cl_dependency":false}],[{"active":true,"col":6,"relations":false,"cl_rule":"show","enableCl":false,"price":"","enablePrice":false,"className":"","label_position":"default","desc_position":"default","type":"email","required":true,"elementId":"email_0675fef97a9a4f","label":"E-Mail","name":"email_0675fef97a9a4f","value":"","allow_multiple":false,"error":false,"gt_translate_keys":["label","value"],"price_dependency":false,"cl_dependency":false}],[{"active":true,"col":6,"relations":false,"cl_rule":"show","enableCl":false,"price":"","enablePrice":false,"className":"","label_position":"default","desc_position":"default","type":"number","required":true,"elementId":"number_7675fef97a9a55","label":"Telefon","name":"number_7675fef97a9a55","value":"","error":false,"gt_translate_keys":["label","value"],"price_dependency":false,"cl_dependency":false}],[{"active":true,"col":6,"relations":false,"cl_rule":"show","enableCl":false,"price":"","enablePrice":false,"className":"","label_position":"default","desc_position":"default","type":"file","required":true,"elementId":"file_4675fef97a9a5a","name":"file_4675fef97a9a5a","label":"\u00c4rztliches Attest auf dem Formular der Organisation","upload_type":"ajax","uploadSize":500,"file_types":["images","docs","design"],"error":false,"allowedFileTypes":"image\/*,.doc,.docx,.xml,.dot,.docm,.dotm,.dotx,.htm,.html,.odt,.pdf,.rtf,.txt,.wps,.xps,application\/msword,application\/vnd,.psd,.eps,.ai,.indd,.raw","gt_translate_keys":["label"],"price_dependency":false,"cl_dependency":false,"value":""}]]},"sec_10675493517436f":{"extra":{"key":"sec_10675493517436f","section_id":"sec_10675493517436f","name":"Default","status":1,"cl_rule":"show","enableCl":false,"relations":[],"toggle":true,"title_tag":"h3","show_title":false,"showPrice":"default","form_id":36042,"form_rules":{"exclude_from_discount":false,"fee_label":"Fee","disp_hide_options_price":false,"disp_show_section_price":false,"disp_show_field_price":true,"layout_option":"standard","pric_use_as_fee":false,"process_fee_as":"woo_fee"},"layout_option":"standard"},"fields":[]},"sec_hx1n1n2r2r6":{"extra":{"key":"sec_hx1n1n2r2r6","section_id":"sec_hx1n1n2r2r6","name":"New Section","status":1,"cl_rule":"show","enableCl":false,"relations":[],"toggle":true,"title_tag":"h4","show_title":false,"showPrice":"default","form_id":36042,"form_rules":{"exclude_from_discount":false,"fee_label":"Fee","disp_hide_options_price":false,"disp_show_section_price":false,"disp_show_field_price":true,"layout_option":"standard","pric_use_as_fee":false,"process_fee_as":"woo_fee"},"layout_option":"standard"},"fields":[[{"active":true,"col":6,"relations":false,"cl_rule":"show","enableCl":false,"price":"","enablePrice":false,"className":"","label_position":"default","desc_position":"default","type":"checkbox","required":true,"elementId":"checkbox_6011317452","label":"Annahme der Bestimmungen","name":"checkbox_6011317452","value":"","check_value":"Yes","checkUi":"","error":false,"description":"Ich erkl\u00e4re hiermit, dass ich die Regeln der Veranstaltung in ihrer Gesamtheit gelesen und akzeptiert habe.","gt_translate_keys":["label","description","value","check_value"],"price_dependency":false,"cl_dependency":false}]]}},"config":{"price_override":"","enable_recaptcha":false,"bind_quantity":false,"quantity_bind_formula":false,"disp_summ_show_option_price":true,"disp_summ_show_product_price":true,"disp_summ_show_total_price":true,"disp_summ_show_fee":false,"disp_summ_show_discount":false,"summary_title":"","options_total_label":"Options Price","total_label":"Total","options_product_label":"Product Price","fee_label":"Fee","discount_label":"Discount","has_price":true,"has_quantity_formula":false},"mc_unit":1,"tax_rate":1,"tax_rate_real":1,"discount":{"percentage":0,"fixed":0},"design":{"conf":{"LabelPosition":"above","DescPosition":"above","UploadField":"custom_1","QuantityFieldStyle":"default"},"css":{"LeftLabelWidth":"120px"}},"formulas":[],"clones":false,"cartKey":false}},"_links":{"self":[{"href":"https:\/\/www.runtosanremo.it\/de\/wp-json\/wp\/v2\/product\/37095","targetHints":{"allow":["GET"]}}],"collection":[{"href":"https:\/\/www.runtosanremo.it\/de\/wp-json\/wp\/v2\/product"}],"about":[{"href":"https:\/\/www.runtosanremo.it\/de\/wp-json\/wp\/v2\/types\/product"}],"wp:featuredmedia":[{"embeddable":true,"href":"https:\/\/www.runtosanremo.it\/de\/wp-json\/wp\/v2\/media\/36525"}],"wp:attachment":[{"href":"https:\/\/www.runtosanremo.it\/de\/wp-json\/wp\/v2\/media?parent=37095"}],"wp:term":[{"taxonomy":"product_brand","embeddable":true,"href":"https:\/\/www.runtosanremo.it\/de\/wp-json\/wp\/v2\/product_brand?post=37095"},{"taxonomy":"product_cat","embeddable":true,"href":"https:\/\/www.runtosanremo.it\/de\/wp-json\/wp\/v2\/product_cat?post=37095"},{"taxonomy":"product_tag","embeddable":true,"href":"https:\/\/www.runtosanremo.it\/de\/wp-json\/wp\/v2\/product_tag?post=37095"}],"curies":[{"name":"wp","href":"https:\/\/api.w.org\/{rel}","templated":true}]}}