{"id":36871,"date":"2025-12-13T09:15:48","date_gmt":"2025-12-13T08:15:48","guid":{"rendered":"https:\/\/www.runtosanremo.it\/unkategorisiert\/2026-iscrizione-granfondo-sanremo-sanremo-la-classicissima-e-bike\/"},"modified":"2025-12-13T16:14:22","modified_gmt":"2025-12-13T15:14:22","slug":"2026-iscrizione-granfondo-sanremo-sanremo-la-classicissima-e-bike","status":"publish","type":"product","link":"https:\/\/www.runtosanremo.it\/de\/granfondo-sanremo-sanremo-la-classicissima\/2026-iscrizione-granfondo-sanremo-sanremo-la-classicissima-e-bike\/","title":{"rendered":"2026 ANMELDUNG GRANFONDO SANREMO SANREMO LA CLASSICISSIMA &#8211; E-BIKE"},"content":{"rendered":"<p>Die Anmeldegeb\u00fchr beinhaltet:<\/p>\n<ul>\n<li>Startnummer<\/li>\n<li>Verpflegung<\/li>\n<li>Werbegeschenke<\/li>\n<li>Abholung im Falle einer Aufgabe<\/li>\n<li>Dusche (beim Villa Ormond)<\/li>\n<li>Pasta-Party<\/li>\n<\/ul>\n<p>Das Rennpaket, wie in diesem Reglement angegeben, ist nur f\u00fcr die ersten 700 Anmeldungen garantiert.<br \/>\nF\u00fcr Kurzentschlossene wird der Veranstalter sein Bestes geben, kann aber die Verf\u00fcgbarkeit der Produkte nicht garantieren.<\/p>\n<p><strong>Zugelassen sind alle Modelle von Fahrr\u00e4dern mit Tretunterst\u00fctzung (sog. E-Bikes).<\/strong><\/p>\n<p><span style=\"color: #333333; font-size: 26px;\">Teilnahmevoraussetzungen<\/span><\/p>\n<p>Die Veranstaltung ist offen f\u00fcr:<\/p>\n<ul>\n<li>Die Veranstaltung ist offen f\u00fcr alle Radsportler beiderlei Geschlechts im Alter von 18 bis 75 Jahren, die am Tag vor dem Rennen vollj\u00e4hrig sind und eine g\u00fcltige Lizenz f\u00fcr das laufende Jahr besitzen.<\/li>\n<li>alle italienischen Radsportler mit g\u00fcltiger ACSI-, FCI-, Bike Card-Lizenz und von der ACSI anerkannten Sportf\u00f6rderungsverb\u00e4nden<\/li>\n<li>alle ausl\u00e4ndischen Radsportler mit einer von der UCI anerkannten Lizenz<\/li>\n<li>alle nicht lizenzierten Radfahrer, die eine <a href=\"https:\/\/classicissima.it\/iscrizioni\/tessera-giornaliera\/\" target=\"_blank\" rel=\"noopener noreferrer\">ACSI-Tageslizenz<\/a> auf der Website der Veranstaltung erwerben und ein \u00e4rztliches Attest f\u00fcr Radsport-Wettk\u00e4mpfe vorlegen.<\/li>\n<\/ul>\n<blockquote><p><strong>Der Besitz einer g\u00fcltigen Lizenz ist eine obligatorische Voraussetzung.<\/strong><\/p><\/blockquote>\n<p>Radfahrer, italienische und ausl\u00e4ndische, die keine von der Federazione Ciclistica Italiana anerkannte Sportkarte oder Lizenz besitzen, die sowohl zum Zeitpunkt der Anmeldung als auch zum Zeitpunkt des Rennens g\u00fcltig ist, sind verpflichtet, eine Tageskarte zu beantragen, die ausschlie\u00dflich \u00fcber diese Website erworben werden kann.<\/p>\n<p>Die Ausstellung der Tageslizenz ist von der Vorlage eines \u00e4rztlichen Attests f\u00fcr die Wettkampfaus\u00fcbung im Radsport abh\u00e4ngig, und zwar auf folgende Weise:<\/p>\n<ul>\n<li>F\u00fcr Teilnehmer mit Wohnsitz in Italien muss die Bescheinigung auf einem offiziellen ASL-Formular ausgestellt werden.<\/li>\n<li>F\u00fcr Teilnehmer mit Wohnsitz im Ausland ist eine von einem zugelassenen Arzt ausgef\u00fcllte und unterzeichnete \u00e4rztliche Bescheinigung erforderlich, <a href=\"https:\/\/classicissima.it\/wp-content\/uploads\/2024\/10\/Granfondo-Sanremo-Sanremo_Certificato_multi.pdf\">wobei das von der Organisation zur Verf\u00fcgung gestellte Formular zu verwenden ist, das auf der offiziellen Website erh\u00e4ltlich ist.<\/a><\/li>\n<\/ul>\n<blockquote><p><strong>Ohne die erforderlichen Unterlagen ist es nicht m\u00f6glich, die Tageskarte auszustellen oder die Teilnahme an der Veranstaltung zu gestatten.<\/strong><\/p><\/blockquote>\n<p><strong>F\u00fcr weitere Informationen lies bitte das <a href=\"https:\/\/classicissima.it\/granfondo-sanremo-sanremo-iscrizioni-2\/regolamento\/\">Reglement<\/a> oder besuche die Website <a href=\"https:\/\/classicissima.it\/\">www.classicissima.it<\/a><\/strong><\/p>\n","protected":false},"excerpt":{"rendered":"<p>Die Classicissima, GranFondo Sanremo Sanremo findet am 22. M\u00e4rz 2026 statt.<\/p>\n","protected":false},"featured_media":34802,"template":"","meta":{"_et_pb_use_builder":"off","_et_pb_old_content":"Die Anmeldegeb\u00fchr f\u00fcr das Wettbewerbsrennen umfasst folgende Leistungen:\n<ul>\n \t<li>technische und medizinische Unterst\u00fctzung<\/li>\n \t<li>Haftpflichtversicherung<\/li>\n \t<li>offizielle Teilnahmemedaille f\u00fcr klassifizierte Athleten<\/li>\n \t<li>GARANTIERTES Rennpaket nur f\u00fcr ONLINE-Anmeldungen (f\u00fcr Anmeldungen vor Ort, solange der Vorrat reicht)<\/li>\n \t<li>Technisches T-Shirt, reserviert f\u00fcr Online-Anmeldungen bis zum 31. Mai, mit Gr\u00f6\u00dfenauswahl nach Reihenfolge der Startnummernabholung, solange der Vorrat der einzelnen Gr\u00f6\u00dfen reicht. *<\/li>\n \t<li>Startnummer<\/li>\n \t<li>Zeitmessung<\/li>\n \t<li>Verpflegung und Schwammstationen entlang der Strecke<\/li>\n \t<li>Verpflegung im Ziel<\/li>\n \t<li>Gep\u00e4ckaufbewahrung<\/li>\n \t<li>Gep\u00e4cktransport vom Start zum Ziel<\/li>\n<\/ul>\nHinweise:\n<ul>\n \t<li><em>Aus Produktionsgr\u00fcnden ist das technische T-Shirt nur f\u00fcr Teilnehmer im Rennpaket enthalten, die die Geb\u00fchr bis zum 31. Mai bezahlt haben.<\/em><\/li>\n \t<li><em>Bei Zahlung per Bank\u00fcberweisung gilt das Datum der Gutschrift der Gelder auf unserem Konto und nicht das Datum der \u00dcberweisung<\/em><\/li>\n<\/ul>\n\u00a0\n<h2>Teilnahmevoraussetzungen<\/h2>\n<table>\n<thead>\n<tr>\n<th style=\"text-align: center\">Option<\/th>\n<th style=\"text-align: center\"><strong>In Italien ans\u00e4ssige Athleten<\/strong><\/th>\n<th style=\"text-align: center\"><strong>Nicht in Italien ans\u00e4ssige Athleten<\/strong><\/th>\n<\/tr>\n<\/thead>\n<tbody>\n<tr>\n<td style=\"text-align: center\">1<\/td>\n<td>FIDAL-Ausweis\n\n(mit automatischer G\u00fcltigkeitspr\u00fcfung)<\/td>\n<td>IAAF-Lizenz\n\n(an den Veranstalter zu senden)<\/td>\n<\/tr>\n<tr>\n<td style=\"text-align: center\">2<\/td>\n<td>RunCard-Ausweis\n\n(mit automatischer G\u00fcltigkeitspr\u00fcfung) und g\u00fcltiges \u00e4rztliches Attest f\u00fcr Wettkampf-Leichtathletik<\/td>\n<td>Besitz einer Fidal RunCard\n+\n\u00e4rztliches Attest f\u00fcr die spezifische Wettkampftauglichkeit in der Leichtathletik auf vom Veranstalter bereitgestellten Formularen (an den Veranstalter zu senden)<\/td>\n<\/tr>\n<tr>\n<td style=\"text-align: center\">  3<\/td>\n<td>RunCard-EPS-Ausweis\n\n(mit automatischer G\u00fcltigkeitspr\u00fcfung)<\/td>\n<td>\u2013<\/td>\n<\/tr>\n<\/tbody>\n<\/table>\n\u00a0\n\n<strong>F\u00fcr weitere Informationen lies bitte das <a href=\"https:\/\/runforthewhales.it\/half-marathon\/regolamento-run-for-the-whales\/\">Reglement<\/a> oder besuche die Website <a href=\"https:\/\/www.runforthewhales.it\">www.runforthewhales.it<\/a><\/strong>\n\n\u00a0","_et_gb_content_width":""},"product_brand":[],"product_cat":[110],"product_tag":[112],"class_list":{"0":"post-36871","1":"product","2":"type-product","3":"status-publish","4":"has-post-thumbnail","6":"product_cat-granfondo-sanremo-sanremo-la-classicissima","7":"product_tag-granfondo-sanremo-sanremo","8":"wcpa_has_options","10":"first","11":"instock","12":"virtual","13":"product-type-simple"},"wcpa_form_fields":{"wcpaData":{"product":{"product_price":70,"price_html":"<span class=\"woocommerce-Price-amount amount\"><bdi>70,00<span class=\"woocommerce-Price-currencySymbol\">&euro;<\/span><\/bdi><\/span>","original_product_price":70,"price_including_tax":70,"price_excluding_tax":70,"product_id":{"parent":36871,"variation":false},"is_variable":false,"stock_status":"instock","stock_quantity":50,"parent_sku":"","product_attributes":[],"custom_fields":[],"is_taxable":false,"product_name":"2026 ANMELDUNG GRANFONDO SANREMO SANREMO LA CLASSICISSIMA - E-BIKE","hasImage":false},"fields":{"sec_0692a3ce28860e":{"extra":{"key":"sec_0692a3ce28860e","section_id":"sec_0692a3ce28860e","name":"Default","status":1,"cl_rule":"show","enableCl":false,"relations":[],"toggle":true,"title_tag":"h3","show_title":false,"showPrice":"default","form_id":36442,"form_rules":{"exclude_from_discount":false,"fee_label":"Fee","disp_hide_options_price":false,"disp_show_section_price":false,"disp_show_field_price":true,"layout_option":"standard","pric_use_as_fee":false,"process_fee_as":"woo_fee"},"layout_option":"standard"},"fields":[[{"active":true,"col":6,"relations":false,"cl_rule":"show","enableCl":false,"price":"","enablePrice":false,"className":"","label_position":"default","desc_position":"default","type":"select","required":true,"elementId":"select_3759076701","label":"Nationalit\u00e4t","name":"select_3759076701","values":[{"label":"Albania","value":"ALB","selected":false,"tempId":"aco_323","gt_translate_keys":["label"]},{"label":"Andorra","value":"AND","selected":false,"tempId":"aco_343","gt_translate_keys":["label"]},{"label":"Argentina","value":"ARG","selected":false,"tempId":"aco_145","gt_translate_keys":["label"]},{"label":"Australia","value":"AUS","selected":false,"tempId":"aco_335","gt_translate_keys":["label"]},{"label":"Austria","value":"AUT","selected":false,"tempId":"aco_453","gt_translate_keys":["label"]},{"label":"Belarus","value":"BLR","selected":false,"tempId":"aco_571","gt_translate_keys":["label"]},{"label":"Belgium","value":"BEL","selected":false,"tempId":"aco_671","gt_translate_keys":["label"]},{"label":"Bosnia and Herzegovina","value":"BIH","selected":false,"tempId":"aco_771","gt_translate_keys":["label"]},{"label":"Brazil","value":"BRA","selected":false,"tempId":"aco_817","gt_translate_keys":["label"]},{"label":"Bulgaria","value":"BUL","selected":false,"tempId":"aco_962","gt_translate_keys":["label"]},{"label":"Canada","value":"CAN","selected":false,"tempId":"aco_1161","gt_translate_keys":["label"]},{"label":"Chile","value":"CHI","selected":false,"tempId":"aco_1171","gt_translate_keys":["label"]},{"label":"China","value":"CHN","selected":false,"tempId":"aco_1334","gt_translate_keys":["label"]},{"label":"Colombia","value":"COL","selected":false,"tempId":"aco_1344","gt_translate_keys":["label"]},{"label":"Croatia","value":"CRO","selected":false,"tempId":"aco_1354","gt_translate_keys":["label"]},{"label":"Cyprus","value":"CYP","selected":false,"tempId":"aco_1364","gt_translate_keys":["label"]},{"label":"Czech Republic","value":"CZE","selected":false,"tempId":"aco_1374","gt_translate_keys":["label"]},{"label":"Denmark","value":"DEN","selected":false,"tempId":"aco_1384","gt_translate_keys":["label"]},{"label":"Estonia","value":"EST","selected":false,"tempId":"aco_1394","gt_translate_keys":["label"]},{"label":"Finland","value":"FIN","selected":false,"tempId":"aco_1404","gt_translate_keys":["label"]},{"label":"France","value":"FRA","selected":false,"tempId":"aco_1414","gt_translate_keys":["label"]},{"label":"Germany","value":"GER","selected":false,"tempId":"aco_1424","gt_translate_keys":["label"]},{"label":"Greece","value":"GRE","selected":false,"tempId":"aco_1434","gt_translate_keys":["label"]},{"label":"Hungary","value":"HUN","selected":false,"tempId":"aco_2353","gt_translate_keys":["label"]},{"label":"Iceland","value":"ISL","selected":false,"tempId":"aco_2363","gt_translate_keys":["label"]},{"label":"India","value":"IND","selected":false,"tempId":"aco_2373","gt_translate_keys":["label"]},{"label":"Ireland","value":"IRL","selected":false,"tempId":"aco_2635","gt_translate_keys":["label"]},{"label":"Israel","value":"ISR","selected":false,"tempId":"aco_2645","gt_translate_keys":["label"]},{"label":"Italy","value":"ITA","selected":false,"tempId":"aco_2655","gt_translate_keys":["label"]},{"label":"Japan","value":"JPN","selected":false,"tempId":"aco_2665","gt_translate_keys":["label"]},{"label":"Latvia","value":"LAT","selected":false,"tempId":"aco_3098","gt_translate_keys":["label"]},{"label":"Liechtenstein","value":"LIE","selected":false,"tempId":"aco_3108","gt_translate_keys":["label"]},{"label":"Lithuania","value":"LTU","selected":false,"tempId":"aco_3118","gt_translate_keys":["label"]},{"label":"Luxembourg","value":"LUX","selected":false,"tempId":"aco_3353","gt_translate_keys":["label"]},{"label":"Malta","value":"MLT","selected":false,"tempId":"aco_3363","gt_translate_keys":["label"]},{"label":"Mexico","value":"MEX","selected":false,"tempId":"aco_3373","gt_translate_keys":["label"]},{"label":"Moldova","value":"MDA","selected":false,"tempId":"aco_3383","gt_translate_keys":["label"]},{"label":"Monaco","value":"MON","selected":false,"tempId":"aco_3393","gt_translate_keys":["label"]},{"label":"Montenegro","value":"MNE","selected":false,"tempId":"aco_3403","gt_translate_keys":["label"]},{"label":"Morocco","value":"MAR","selected":false,"tempId":"aco_3413","gt_translate_keys":["label"]},{"label":"Netherlands","value":"NED","selected":false,"tempId":"aco_3423","gt_translate_keys":["label"]},{"label":"New Zealand","value":"NZL","selected":false,"tempId":"aco_3433","gt_translate_keys":["label"]},{"label":"North Macedonia","value":"MKD","selected":false,"tempId":"aco_4082","gt_translate_keys":["label"]},{"label":"Norway","value":"NOR","selected":false,"tempId":"aco_4092","gt_translate_keys":["label"]},{"label":"Peru","value":"PER","selected":false,"tempId":"aco_4102","gt_translate_keys":["label"]},{"label":"Poland","value":"POL","selected":false,"tempId":"aco_4112","gt_translate_keys":["label"]},{"label":"Portugal","value":"POR","selected":false,"tempId":"aco_4122","gt_translate_keys":["label"]},{"label":"Qatar","value":"QAT","selected":false,"tempId":"aco_4132","gt_translate_keys":["label"]},{"label":"Romania","value":"ROU","selected":false,"tempId":"aco_4142","gt_translate_keys":["label"]},{"label":"San Marino","value":"SMR","selected":false,"tempId":"aco_4152","gt_translate_keys":["label"]},{"label":"Saudi Arabia","value":"KSA","selected":false,"tempId":"aco_4162","gt_translate_keys":["label"]},{"label":"Serbia","value":"SRB","selected":false,"tempId":"aco_4172","gt_translate_keys":["label"]},{"label":"Slovakia","value":"SVK","selected":false,"tempId":"aco_5055","gt_translate_keys":["label"]},{"label":"Slovenia","value":"SLO","selected":false,"tempId":"aco_5065","gt_translate_keys":["label"]},{"label":"South Africa","value":"RSA","selected":false,"tempId":"aco_5075","gt_translate_keys":["label"]},{"label":"South Korea","value":"KOR","selected":false,"tempId":"aco_5085","gt_translate_keys":["label"]},{"label":"Spain","value":"ESP","selected":false,"tempId":"aco_5095","gt_translate_keys":["label"]},{"label":"Sweden","value":"SWE","selected":false,"tempId":"aco_5105","gt_translate_keys":["label"]},{"label":"Switzerland","value":"SUI","selected":false,"tempId":"aco_5115","gt_translate_keys":["label"]},{"label":"Thailand","value":"THA","selected":false,"tempId":"aco_5125","gt_translate_keys":["label"]},{"label":"Tunisia","value":"TUN","selected":false,"tempId":"aco_5630","gt_translate_keys":["label"]},{"label":"Turkey","value":"TUR","selected":false,"tempId":"aco_5640","gt_translate_keys":["label"]},{"label":"Ukraine","value":"UKR","selected":false,"tempId":"aco_5650","gt_translate_keys":["label"]},{"label":"United Arab Emirates","value":"UAE","selected":false,"tempId":"aco_5660","gt_translate_keys":["label"]},{"label":"United Kingdom","value":"GBR","selected":false,"tempId":"aco_5670","gt_translate_keys":["label"]},{"label":"United States","value":"USA","selected":false,"tempId":"aco_5680","gt_translate_keys":["label"]},{"label":"Vatican City","value":"VA","selected":false,"tempId":"aco_6077","gt_translate_keys":["label"]}],"dropdown_type":"custom","error":false,"gt_translate_keys":["label"],"price_dependency":false,"cl_dependency":false,"value":""}]]},"sec_10670c0f68b0df9":{"extra":{"key":"sec_10670c0f68b0df9","section_id":"sec_10670c0f68b0df9","name":"Default","status":1,"cl_rule":"show","enableCl":false,"relations":[],"toggle":true,"title_tag":"h3","show_title":false,"showPrice":"default","repeater":true,"repeater_section_field_label":"{field_label}","repeater_section_label":"{section_name}","repeater_bind":"quantity","form_id":36865,"form_rules":{"exclude_from_discount":false,"fee_label":"Fee","disp_hide_options_price":false,"disp_show_section_price":false,"disp_show_field_price":true,"layout_option":"standard","pric_use_as_fee":false,"process_fee_as":"woo_fee"},"layout_option":"standard"},"fields":[[{"active":true,"col":6,"relations":false,"cl_rule":"show","enableCl":false,"price":"","enablePrice":false,"className":"","label_position":"default","desc_position":"default","type":"separator","required":false,"elementId":"separator_8585370201","label":"Separator Field","height":"10","separatorType":"blank","gt_translate_keys":["label"],"price_dependency":false,"cl_dependency":false,"value":""}],[{"active":true,"col":6,"relations":false,"cl_rule":"show","enableCl":false,"price":"","enablePrice":false,"className":"","label_position":"default","desc_position":"default","type":"text","subtype":"text","required":true,"elementId":"text_2196332071","label":"Name","name":"text_2196332071","value":"","error":false,"gt_translate_keys":["label","value"],"price_dependency":false,"cl_dependency":false}],[{"active":true,"col":6,"relations":false,"cl_rule":"show","enableCl":false,"price":"","enablePrice":false,"className":"","label_position":"default","desc_position":"default","type":"text","subtype":"text","required":true,"elementId":"text_2393012112","label":"Nachname","name":"text_2393012112","value":"","error":false,"gt_translate_keys":["label","value"],"price_dependency":false,"cl_dependency":false}],[{"active":true,"col":6,"relations":false,"cl_rule":"show","enableCl":false,"price":"","enablePrice":false,"className":"","label_position":"default","desc_position":"default","type":"email","required":true,"elementId":"email_2558452177","label":"E-Mail","name":"email_2558452177","value":"","allow_multiple":false,"error":false,"gt_translate_keys":["label","value"],"price_dependency":false,"cl_dependency":false}],[{"active":true,"col":6,"relations":false,"cl_rule":"show","enableCl":false,"price":"","enablePrice":false,"className":"","label_position":"default","desc_position":"default","type":"number","required":true,"elementId":"number_2757132202","label":"Telefon","name":"number_2757132202","value":"","error":false,"gt_translate_keys":["label","value"],"price_dependency":false,"cl_dependency":false}],[{"active":true,"col":6,"relations":false,"cl_rule":"show","enableCl":false,"price":"","enablePrice":false,"className":"","label_position":"default","desc_position":"default","type":"date","required":true,"elementId":"date_3869955790","name":"date_3869955790","label":"Geburtsdatum","picker_type":"custom","picker_mode":"single","error":false,"gt_translate_keys":["label"],"price_dependency":false,"cl_dependency":false,"value":""}],[{"active":true,"col":6,"relations":false,"cl_rule":"show","enableCl":false,"price":"","enablePrice":false,"className":"","label_position":"default","desc_position":"default","type":"select","required":true,"elementId":"select_9039591442","label":"Sex","name":"select_9039591442","values":[{"label":"M","value":"M","selected":false,"tempId":"aco_1523","gt_translate_keys":["label"]},{"label":"F","value":"F","selected":false,"tempId":"aco_1524","gt_translate_keys":["label"]}],"dropdown_type":"basic","error":false,"gt_translate_keys":["label"],"price_dependency":false,"cl_dependency":false,"value":""}],[{"active":true,"col":6,"relations":false,"cl_rule":"show","enableCl":false,"price":"","enablePrice":false,"className":"","label_position":"default","desc_position":"default","type":"text","subtype":"text","required":true,"elementId":"text_0810382006","label":"Sportverein","name":"text_0810382006","value":"","error":false,"gt_translate_keys":["label","value"],"price_dependency":false,"cl_dependency":false}],[{"active":true,"col":6,"relations":false,"cl_rule":"show","enableCl":false,"price":"","enablePrice":false,"className":"","label_position":"default","desc_position":"default","type":"radio-group","required":true,"elementId":"radio_3456859891","label":"Sportverein","name":"radio_3456859891","values":[{"label":"FCI \/ UCI \/ ACSI","value":"1","selected":false,"tempId":"aco_284","gt_translate_keys":["label"]},{"label":"Nicht-Mitglieder, mit obligatorischem Kauf einer Tageskarte.","value":"2","selected":false,"tempId":"aco_285","gt_translate_keys":["label"]}],"layOut":"","error":false,"checkUi":"","gt_translate_keys":["label"],"price_dependency":false,"cl_dependency":["text_0596991909","number_0353871660","file_6869292275"],"value":""}],[{"active":true,"col":6,"relations":[{"operator":false,"rules":[{"operator":"AND","rules":{"cl_field":"radio_3456859891","cl_relation":"is","cl_val":"1"}}]}],"cl_rule":"show","enableCl":true,"price":"","enablePrice":false,"className":"","label_position":"default","desc_position":"default","type":"text","subtype":"text","required":true,"elementId":"text_0596991909","label":"F\u00f6deration","name":"text_0596991909","value":"","error":false,"gt_translate_keys":["label","value"],"price_dependency":false,"cl_dependency":false}],[{"active":true,"col":6,"relations":[{"operator":"and","rules":[{"operator":"AND","rules":{"cl_field":"radio_3456859891","cl_relation":"is","cl_val":"1"}}]}],"cl_rule":"show","enableCl":true,"price":"","enablePrice":false,"className":"","label_position":"default","desc_position":"default","type":"number","required":true,"elementId":"number_0353871660","label":"Kartennummer","name":"number_0353871660","value":"","error":false,"gt_translate_keys":["label","value"],"price_dependency":false,"cl_dependency":false}],[{"active":true,"col":6,"relations":[{"operator":false,"rules":[{"operator":"AND","rules":{"cl_field":"radio_3456859891","cl_relation":"is","cl_val":"1"}}]}],"cl_rule":"show","enableCl":true,"price":"","enablePrice":false,"className":"","label_position":"default","desc_position":"default","type":"file","required":true,"elementId":"file_6869292275","name":"file_6869292275","label":"Kartenbild","upload_type":"ajax","uploadSize":500,"file_types":["images","docs","design"],"error":false,"allowedFileTypes":"image\/*,.doc,.docx,.xml,.dot,.docm,.dotm,.dotx,.htm,.html,.odt,.pdf,.rtf,.txt,.wps,.xps,application\/msword,application\/vnd,.psd,.eps,.ai,.indd,.raw","gt_translate_keys":["label"],"price_dependency":false,"cl_dependency":false,"value":""}],[{"active":true,"col":6,"relations":false,"cl_rule":"show","enableCl":false,"price":"","enablePrice":false,"className":"","label_position":"default","desc_position":"default","type":"separator","required":false,"elementId":"separator_5913631437","label":"Separator Field","height":"10","separatorType":"blank","error":false,"gt_translate_keys":["label"],"price_dependency":false,"cl_dependency":false,"value":""}]]},"sec_10675493517436f":{"extra":{"key":"sec_10675493517436f","section_id":"sec_10675493517436f","name":"Default","status":1,"cl_rule":"show","enableCl":false,"relations":[],"toggle":true,"title_tag":"h3","show_title":false,"showPrice":"default","form_id":36042,"form_rules":{"exclude_from_discount":false,"fee_label":"Fee","disp_hide_options_price":false,"disp_show_section_price":false,"disp_show_field_price":true,"layout_option":"standard","pric_use_as_fee":false,"process_fee_as":"woo_fee"},"layout_option":"standard"},"fields":[]},"sec_hx1n1n2r2r6":{"extra":{"key":"sec_hx1n1n2r2r6","section_id":"sec_hx1n1n2r2r6","name":"New Section","status":1,"cl_rule":"show","enableCl":false,"relations":[],"toggle":true,"title_tag":"h4","show_title":false,"showPrice":"default","form_id":36042,"form_rules":{"exclude_from_discount":false,"fee_label":"Fee","disp_hide_options_price":false,"disp_show_section_price":false,"disp_show_field_price":true,"layout_option":"standard","pric_use_as_fee":false,"process_fee_as":"woo_fee"},"layout_option":"standard"},"fields":[[{"active":true,"col":6,"relations":false,"cl_rule":"show","enableCl":false,"price":"","enablePrice":false,"className":"","label_position":"default","desc_position":"default","type":"checkbox","required":true,"elementId":"checkbox_6011317452","label":"Annahme der Bestimmungen","name":"checkbox_6011317452","value":"","check_value":"Yes","checkUi":"","error":false,"description":"Ich erkl\u00e4re hiermit, dass ich die Regeln der Veranstaltung in ihrer Gesamtheit gelesen und akzeptiert habe.","gt_translate_keys":["label","description","value","check_value"],"price_dependency":false,"cl_dependency":false}]]}},"config":{"price_override":"","enable_recaptcha":false,"bind_quantity":false,"quantity_bind_formula":false,"disp_summ_show_option_price":true,"disp_summ_show_product_price":true,"disp_summ_show_total_price":true,"disp_summ_show_fee":false,"disp_summ_show_discount":false,"summary_title":"","options_total_label":"Options Price","total_label":"Total","options_product_label":"Product Price","fee_label":"Fee","discount_label":"Discount","has_price":true,"has_quantity_formula":false},"mc_unit":1,"tax_rate":1,"tax_rate_real":1,"discount":{"percentage":0,"fixed":0},"design":{"conf":{"LabelPosition":"above","DescPosition":"above","UploadField":"custom_1","QuantityFieldStyle":"default"},"css":{"LeftLabelWidth":"120px"}},"formulas":[],"clones":false,"cartKey":false}},"_links":{"self":[{"href":"https:\/\/www.runtosanremo.it\/de\/wp-json\/wp\/v2\/product\/36871","targetHints":{"allow":["GET"]}}],"collection":[{"href":"https:\/\/www.runtosanremo.it\/de\/wp-json\/wp\/v2\/product"}],"about":[{"href":"https:\/\/www.runtosanremo.it\/de\/wp-json\/wp\/v2\/types\/product"}],"wp:featuredmedia":[{"embeddable":true,"href":"https:\/\/www.runtosanremo.it\/de\/wp-json\/wp\/v2\/media\/34802"}],"wp:attachment":[{"href":"https:\/\/www.runtosanremo.it\/de\/wp-json\/wp\/v2\/media?parent=36871"}],"wp:term":[{"taxonomy":"product_brand","embeddable":true,"href":"https:\/\/www.runtosanremo.it\/de\/wp-json\/wp\/v2\/product_brand?post=36871"},{"taxonomy":"product_cat","embeddable":true,"href":"https:\/\/www.runtosanremo.it\/de\/wp-json\/wp\/v2\/product_cat?post=36871"},{"taxonomy":"product_tag","embeddable":true,"href":"https:\/\/www.runtosanremo.it\/de\/wp-json\/wp\/v2\/product_tag?post=36871"}],"curies":[{"name":"wp","href":"https:\/\/api.w.org\/{rel}","templated":true}]}}